{"id":606,"date":"2024-03-06T19:06:44","date_gmt":"2024-03-06T19:06:44","guid":{"rendered":"https:\/\/cw.testerei.at\/kemp\/"},"modified":"2024-04-24T07:01:46","modified_gmt":"2024-04-24T07:01:46","slug":"kemp","status":"publish","type":"page","link":"https:\/\/camping-waldenstein.at\/cs\/kemp\/","title":{"rendered":"Kemp"},"content":{"rendered":"\n<h4 class=\"wp-block-heading\"><strong>Camping Waldenstein <\/strong>&#8211;<strong> hned vedle maturitn\u00edho st\u0159ediska<\/strong><\/h4>\n\n\n\n<p>Mal\u00e1 obec Waldenstein soused\u00ed s m\u011bstem Gm\u00fcnd v Horn\u00edm Waldviertelu. V t\u00e9to stalet\u00e9 kulturn\u00ed krajin\u011b na severu Doln\u00edho Rakouska m\u016f\u017eete pro\u017e\u00edt jedine\u010dnou dovolenou. Na sv\u00e9 si zde p\u0159ijdou zejm\u00e9na ti, kte\u0159\u00ed cht\u011bj\u00ed za\u017e\u00edt bezprost\u0159edn\u00ed po\u017eitek z p\u0159\u00edrody. Hned vedle kempu se nach\u00e1zej\u00ed tenisov\u00e9 kurty a haly, squashov\u00fd kurt, <a href=\"https:\/\/www.camping-waldenstein.at\/de\/wellness\/gradieranlage\/#c215\">gradua\u010dn\u00ed centrum,<\/a> kde se m\u016f\u017eete nad\u00fdchat mo\u0159sk\u00e9ho vzduchu, turistick\u00e9 stezky nebo potok Elexenbach.<\/p>\n\n\n\n<p>Pokud i vy chcete za\u017e\u00edt p\u0159\u00edjemnou dovolenou a relaxaci ve Waldviertelu, jste na spr\u00e1vn\u00e9m m\u00edst\u011b!<\/p>\n\n\n\n<p>Nechte se okouzlit p\u016fvabem Waldviertelu!<\/p>\n\n\n\n<figure class=\"wp-block-image size-large\"><img fetchpriority=\"high\" decoding=\"async\" width=\"2560\" height=\"1152\" src=\"https:\/\/camping-waldenstein.at\/wp-content\/uploads\/2024\/04\/20230811_160205-scaled-e1713254292749.jpg\" alt=\"\" class=\"wp-image-452\" srcset=\"https:\/\/camping-waldenstein.at\/wp-content\/uploads\/2024\/04\/20230811_160205-scaled-e1713254292749.jpg 2560w, https:\/\/camping-waldenstein.at\/wp-content\/uploads\/2024\/04\/20230811_160205-scaled-e1713254292749-300x135.jpg 300w, https:\/\/camping-waldenstein.at\/wp-content\/uploads\/2024\/04\/20230811_160205-scaled-e1713254292749-1024x461.jpg 1024w, https:\/\/camping-waldenstein.at\/wp-content\/uploads\/2024\/04\/20230811_160205-scaled-e1713254292749-768x346.jpg 768w, https:\/\/camping-waldenstein.at\/wp-content\/uploads\/2024\/04\/20230811_160205-scaled-e1713254292749-1536x691.jpg 1536w, https:\/\/camping-waldenstein.at\/wp-content\/uploads\/2024\/04\/20230811_160205-scaled-e1713254292749-2048x922.jpg 2048w\" sizes=\"(max-width: 2560px) 100vw, 2560px\" \/><\/figure>\n","protected":false},"excerpt":{"rendered":"<p>Camping Waldenstein &#8211; hned vedle maturitn\u00edho st\u0159ediska Mal\u00e1 obec Waldenstein soused\u00ed s m\u011bstem Gm\u00fcnd v Horn\u00edm Waldviertelu. V t\u00e9to stalet\u00e9 kulturn\u00ed krajin\u011b na severu Doln\u00edho Rakouska m\u016f\u017eete pro\u017e\u00edt jedine\u010dnou dovolenou. Na sv\u00e9 si zde p\u0159ijdou zejm\u00e9na ti, kte\u0159\u00ed cht\u011bj\u00ed za\u017e\u00edt bezprost\u0159edn\u00ed po\u017eitek z p\u0159\u00edrody. Hned vedle kempu se nach\u00e1zej\u00ed tenisov\u00e9 kurty a haly, squashov\u00fd kurt, [&hellip;]<\/p>\n","protected":false},"author":1,"featured_media":223,"parent":0,"menu_order":0,"comment_status":"closed","ping_status":"closed","template":"","meta":{"footnotes":""},"class_list":["post-606","page","type-page","status-publish","has-post-thumbnail","hentry"],"_links":{"self":[{"href":"https:\/\/camping-waldenstein.at\/cs\/wp-json\/wp\/v2\/pages\/606","targetHints":{"allow":["GET"]}}],"collection":[{"href":"https:\/\/camping-waldenstein.at\/cs\/wp-json\/wp\/v2\/pages"}],"about":[{"href":"https:\/\/camping-waldenstein.at\/cs\/wp-json\/wp\/v2\/types\/page"}],"author":[{"embeddable":true,"href":"https:\/\/camping-waldenstein.at\/cs\/wp-json\/wp\/v2\/users\/1"}],"replies":[{"embeddable":true,"href":"https:\/\/camping-waldenstein.at\/cs\/wp-json\/wp\/v2\/comments?post=606"}],"version-history":[{"count":3,"href":"https:\/\/camping-waldenstein.at\/cs\/wp-json\/wp\/v2\/pages\/606\/revisions"}],"predecessor-version":[{"id":673,"href":"https:\/\/camping-waldenstein.at\/cs\/wp-json\/wp\/v2\/pages\/606\/revisions\/673"}],"wp:featuredmedia":[{"embeddable":true,"href":"https:\/\/camping-waldenstein.at\/cs\/wp-json\/wp\/v2\/media\/223"}],"wp:attachment":[{"href":"https:\/\/camping-waldenstein.at\/cs\/wp-json\/wp\/v2\/media?parent=606"}],"curies":[{"name":"wp","href":"https:\/\/api.w.org\/{rel}","templated":true}]}}