{"id":610,"date":"2024-03-07T00:02:45","date_gmt":"2024-03-07T00:02:45","guid":{"rendered":"https:\/\/cw.testerei.at\/kemp\/vybaveni\/"},"modified":"2024-08-29T17:35:58","modified_gmt":"2024-08-29T17:35:58","slug":"vybaveni","status":"publish","type":"page","link":"https:\/\/camping-waldenstein.at\/cs\/kemp\/vybaveni\/","title":{"rendered":"Vybaven\u00ed"},"content":{"rendered":"\n<figure class=\"wp-block-gallery has-nested-images columns-default is-cropped wp-block-gallery-1 is-layout-flex wp-block-gallery-is-layout-flex\">\n<figure class=\"wp-block-image size-large\"><img fetchpriority=\"high\" decoding=\"async\" width=\"768\" height=\"1024\" data-id=\"125\" src=\"https:\/\/camping-waldenstein.at\/wp-content\/uploads\/2024\/03\/csm_Versorgungsstation_fdfcf1afc3-768x1024.jpg\" alt=\"\" class=\"wp-image-125\" srcset=\"https:\/\/camping-waldenstein.at\/wp-content\/uploads\/2024\/03\/csm_Versorgungsstation_fdfcf1afc3-768x1024.jpg 768w, https:\/\/camping-waldenstein.at\/wp-content\/uploads\/2024\/03\/csm_Versorgungsstation_fdfcf1afc3-225x300.jpg 225w, https:\/\/camping-waldenstein.at\/wp-content\/uploads\/2024\/03\/csm_Versorgungsstation_fdfcf1afc3.jpg 1110w\" sizes=\"(max-width: 768px) 100vw, 768px\" \/><figcaption class=\"wp-element-caption\">P\u0159\u00edvodn\u00ed sloupek s vodou a elekt\u0159inou, podlaha &#8211; Kanaliza\u010dn\u00ed p\u0159\u00edpojka<\/figcaption><\/figure>\n\n\n\n<figure class=\"wp-block-image size-large\"><img decoding=\"async\" data-id=\"501\" src=\"https:\/\/camping-waldenstein.at\/wp-content\/uploads\/2024\/04\/Zugang_Abwasch-1024x768.jpg\" alt=\"\" class=\"wp-image-501\"\/><figcaption class=\"wp-element-caption\">P\u0159\u00edstup k my\u010dce\/pra\u010dce a su\u0161i\u010dce nebo ke stanici na likvidaci odpadu<\/figcaption><\/figure>\n\n\n\n<figure class=\"wp-block-image size-large\"><img decoding=\"async\" data-id=\"494\" src=\"https:\/\/camping-waldenstein.at\/wp-content\/uploads\/2024\/04\/Sanitaeranlagen-1024x768.jpg\" alt=\"\" class=\"wp-image-494\"\/><figcaption class=\"wp-element-caption\">D\u00e1msk\u00e1 sprcha<\/figcaption><\/figure>\n<\/figure>\n\n<p>Kemp Waldenstein vynik\u00e1 p\u0159edev\u0161\u00edm svou idylickou polohou a maturitn\u00edm za\u0159\u00edzen\u00edm. V tomto n\u00e1dhern\u00e9m prost\u0159ed\u00ed je v\u00e1m k dispozici \u0159ada za\u0159\u00edzen\u00ed.<\/p>\n\n<p>Kemp m\u00e1 celkem 12 m\u00edst. Ty jsou uspo\u0159\u00e1d\u00e1ny ve dvou \u00farovn\u00edch a jsou obzvl\u00e1\u0161t\u011b vhodn\u00e9 pro obytn\u00e9 vozy nebo karavany.<\/p>\n\n<ul class=\"wp-block-list\">\n<li>Elektrick\u00e1 a vodovodn\u00ed p\u0159\u00edpojka na ka\u017ed\u00e9m stanovi\u0161ti (CEE z\u00e1str\u010dka, 3-p\u00f3lov\u00e1, 16A, 220-250 V)<\/li>\n\n\n\n<li>P\u0159\u00edpojka odpadn\u00ed vody (pro \u0161edou a \u010dernou vodu) pro \u0161est prostor (\u010d. 1-6) v horn\u00edm pat\u0159e (\u0161roubovac\u00ed trubka na podlaze, \u00d8 5 cm).<\/li>\n\n\n\n<li>Soukrom\u00e1 z\u00e1st\u011bna mezi parkovac\u00edmi m\u00edsty s rostlinami nebo d\u0159ev\u011bn\u00fdmi prvky<\/li>\n\n\n\n<li>WC a sprchy v p\u0159ilehl\u00e9m sportovn\u00edm a kulturn\u00edm centru (vyt\u00e1p\u011bn\u00e1 budova).<\/li>\n\n\n\n<li>Pra\u010dka a su\u0161i\u010dka (pou\u017eit\u00ed bez p\u0159\u00edplatku!)<\/li>\n\n\n\n<li>V\u00fddejn\u00ed stanice pro kempinkov\u00e9 toalety<\/li>\n\n\n\n<li>Bezplatn\u00e1 WLAN na v\u0161ech h\u0159i\u0161t\u00edch<\/li>\n\n\n\n<li>Koupac\u00ed jez\u00edrko a maturitn\u00ed za\u0159\u00edzen\u00ed<\/li>\n\n\n\n<li>dom\u00e1c\u00ed zv\u00ed\u0159ata nejsou povolena<\/li>\n<\/ul>\n","protected":false},"excerpt":{"rendered":"<p>Kemp Waldenstein vynik\u00e1 p\u0159edev\u0161\u00edm svou idylickou polohou a maturitn\u00edm za\u0159\u00edzen\u00edm. V tomto n\u00e1dhern\u00e9m prost\u0159ed\u00ed je v\u00e1m k dispozici \u0159ada za\u0159\u00edzen\u00ed. Kemp m\u00e1 celkem 12 m\u00edst. Ty jsou uspo\u0159\u00e1d\u00e1ny ve dvou \u00farovn\u00edch a jsou obzvl\u00e1\u0161t\u011b vhodn\u00e9 pro obytn\u00e9 vozy nebo karavany.<\/p>\n","protected":false},"author":1,"featured_media":0,"parent":606,"menu_order":0,"comment_status":"closed","ping_status":"closed","template":"","meta":{"footnotes":""},"class_list":["post-610","page","type-page","status-publish","hentry"],"_links":{"self":[{"href":"https:\/\/camping-waldenstein.at\/cs\/wp-json\/wp\/v2\/pages\/610","targetHints":{"allow":["GET"]}}],"collection":[{"href":"https:\/\/camping-waldenstein.at\/cs\/wp-json\/wp\/v2\/pages"}],"about":[{"href":"https:\/\/camping-waldenstein.at\/cs\/wp-json\/wp\/v2\/types\/page"}],"author":[{"embeddable":true,"href":"https:\/\/camping-waldenstein.at\/cs\/wp-json\/wp\/v2\/users\/1"}],"replies":[{"embeddable":true,"href":"https:\/\/camping-waldenstein.at\/cs\/wp-json\/wp\/v2\/comments?post=610"}],"version-history":[{"count":4,"href":"https:\/\/camping-waldenstein.at\/cs\/wp-json\/wp\/v2\/pages\/610\/revisions"}],"predecessor-version":[{"id":785,"href":"https:\/\/camping-waldenstein.at\/cs\/wp-json\/wp\/v2\/pages\/610\/revisions\/785"}],"up":[{"embeddable":true,"href":"https:\/\/camping-waldenstein.at\/cs\/wp-json\/wp\/v2\/pages\/606"}],"wp:attachment":[{"href":"https:\/\/camping-waldenstein.at\/cs\/wp-json\/wp\/v2\/media?parent=610"}],"curies":[{"name":"wp","href":"https:\/\/api.w.org\/{rel}","templated":true}]}}