{"id":618,"date":"2024-03-07T00:00:35","date_gmt":"2024-03-07T00:00:35","guid":{"rendered":"https:\/\/cw.testerei.at\/kemp\/nase-oteviraci-doba\/"},"modified":"2024-04-23T08:42:15","modified_gmt":"2024-04-23T08:42:15","slug":"nase-oteviraci-doba","status":"publish","type":"page","link":"https:\/\/camping-waldenstein.at\/cs\/kemp\/nase-oteviraci-doba\/","title":{"rendered":"Na\u0161e otev\u00edrac\u00ed doba"},"content":{"rendered":"\n<p>Proto\u017ee je Waldviertel pro t\u00e1born\u00edky nejl\u00e1kav\u011bj\u0161\u00ed v tepl\u00e9m obdob\u00ed, otev\u0159eli jsme pro v\u00e1s kemp od dubna do konce \u0159\u00edjna.<\/p>\n\n<p>P\u0159ijet m\u016f\u017eete denn\u011b od 13:00. P\u0159ihlaste se pros\u00edm ve sportovn\u00ed restauraci Stefan Hinger p\u0159\u00edmo v kempu. Obdr\u017e\u00edte formul\u00e1\u0159 pro hosty, do kter\u00e9ho vypln\u00edte nejd\u016fle\u017eit\u011bj\u0161\u00ed informace o sv\u00e9m pobytu. Dlu\u017en\u00e9 \u010d\u00e1stky za rezervaci uhra\u010fte v den p\u0159\u00edjezdu.<\/p>\n\n<p>Pokud je sportovn\u00ed restaurace Stefan Hinger zav\u0159en\u00e1 (v ned\u011bli po cca 14. hodin\u011b nebo v pond\u011bl\u00ed), kontaktujte n\u00e1s pros\u00edm telefonicky. P\u0159ijdeme se pod\u00edvat.  <\/p>\n\n<p>Odjezd je mo\u017en\u00fd denn\u011b do 12:00. V opa\u010dn\u00e9m p\u0159\u00edpad\u011b bude \u00fa\u010dtov\u00e1n dodate\u010dn\u00fd poplatek za p\u0159enocov\u00e1n\u00ed. Pokud si p\u0159ejete, m\u016f\u017eete si objednat i pozdn\u00ed odjezd (10 \u20ac), pokud to rezervace m\u00edst umo\u017e\u0148uje.<\/p>\n","protected":false},"excerpt":{"rendered":"<p>Proto\u017ee je Waldviertel pro t\u00e1born\u00edky nejl\u00e1kav\u011bj\u0161\u00ed v tepl\u00e9m obdob\u00ed, otev\u0159eli jsme pro v\u00e1s kemp od dubna do konce \u0159\u00edjna. P\u0159ijet m\u016f\u017eete denn\u011b od 13:00. P\u0159ihlaste se pros\u00edm ve sportovn\u00ed restauraci Stefan Hinger p\u0159\u00edmo v kempu. Obdr\u017e\u00edte formul\u00e1\u0159 pro hosty, do kter\u00e9ho vypln\u00edte nejd\u016fle\u017eit\u011bj\u0161\u00ed informace o sv\u00e9m pobytu. Dlu\u017en\u00e9 \u010d\u00e1stky za rezervaci uhra\u010fte v den p\u0159\u00edjezdu. [&hellip;]<\/p>\n","protected":false},"author":1,"featured_media":203,"parent":606,"menu_order":0,"comment_status":"closed","ping_status":"closed","template":"","meta":{"footnotes":""},"class_list":["post-618","page","type-page","status-publish","has-post-thumbnail","hentry"],"_links":{"self":[{"href":"https:\/\/camping-waldenstein.at\/cs\/wp-json\/wp\/v2\/pages\/618","targetHints":{"allow":["GET"]}}],"collection":[{"href":"https:\/\/camping-waldenstein.at\/cs\/wp-json\/wp\/v2\/pages"}],"about":[{"href":"https:\/\/camping-waldenstein.at\/cs\/wp-json\/wp\/v2\/types\/page"}],"author":[{"embeddable":true,"href":"https:\/\/camping-waldenstein.at\/cs\/wp-json\/wp\/v2\/users\/1"}],"replies":[{"embeddable":true,"href":"https:\/\/camping-waldenstein.at\/cs\/wp-json\/wp\/v2\/comments?post=618"}],"version-history":[{"count":1,"href":"https:\/\/camping-waldenstein.at\/cs\/wp-json\/wp\/v2\/pages\/618\/revisions"}],"predecessor-version":[{"id":619,"href":"https:\/\/camping-waldenstein.at\/cs\/wp-json\/wp\/v2\/pages\/618\/revisions\/619"}],"up":[{"embeddable":true,"href":"https:\/\/camping-waldenstein.at\/cs\/wp-json\/wp\/v2\/pages\/606"}],"wp:featuredmedia":[{"embeddable":true,"href":"https:\/\/camping-waldenstein.at\/cs\/wp-json\/wp\/v2\/media\/203"}],"wp:attachment":[{"href":"https:\/\/camping-waldenstein.at\/cs\/wp-json\/wp\/v2\/media?parent=618"}],"curies":[{"name":"wp","href":"https:\/\/api.w.org\/{rel}","templated":true}]}}