{"id":622,"date":"2024-04-23T07:50:27","date_gmt":"2024-04-23T07:50:27","guid":{"rendered":"https:\/\/cw.testerei.at\/kemp\/pravidla-pro-kempovani\/"},"modified":"2024-04-24T06:40:30","modified_gmt":"2024-04-24T06:40:30","slug":"pravidla-pro-kempovani","status":"publish","type":"page","link":"https:\/\/camping-waldenstein.at\/cs\/kemp\/pravidla-pro-kempovani\/","title":{"rendered":"Pravidla pro kempov\u00e1n\u00ed"},"content":{"rendered":"\n<p>V\u00e1\u017een\u00ed host\u00e9 v kempu,<\/p>\n\n<p>T\u011b\u0161\u00edme se na v\u00e1s v kempu Waldenstein. Aby byl v\u00e1\u0161 pobyt pohodov\u00fd a \u00fasp\u011b\u0161n\u00fd, dodr\u017eujte pros\u00edm na\u0161e pravidla.<\/p>\n\n<p><strong>P\u0159\u00edjezd a odjezd<\/strong><\/p>\n\n<p>Vstup do kempu je povolen pouze po registraci ve sportovn\u00ed restauraci Stefan Hinger (hned vedle).  <\/p>\n\n<p>P\u0159ijet m\u016f\u017eete denn\u011b od 13:00. P\u0159ihlaste se pros\u00edm ve sportovn\u00ed restauraci Stefan Hinger p\u0159\u00edmo v kempu. Obdr\u017e\u00edte formul\u00e1\u0159 pro hosty, do kter\u00e9ho vypln\u00edte nejd\u016fle\u017eit\u011bj\u0161\u00ed informace o sv\u00e9m pobytu. Dlu\u017en\u00e9 \u010d\u00e1stky za rezervaci uhra\u010fte v den p\u0159\u00edjezdu.<\/p>\n\n<p>Pokud je sportovn\u00ed restaurace Stefan Hinger zav\u0159en\u00e1 (v ned\u011bli po cca 14. hodin\u011b nebo v pond\u011bl\u00ed), kontaktujte n\u00e1s pros\u00edm telefonicky. P\u0159ijdeme se pod\u00edvat.<\/p>\n\n<p>Odjezd je mo\u017en\u00fd denn\u011b do 12:00. V opa\u010dn\u00e9m p\u0159\u00edpad\u011b bude \u00fa\u010dtov\u00e1n dodate\u010dn\u00fd poplatek za p\u0159enocov\u00e1n\u00ed. Pokud si p\u0159ejete, m\u016f\u017eete si objednat i pozdn\u00ed odjezd (10 \u20ac), pokud to rezervace m\u00edst umo\u017e\u0148uje.<\/p>\n\n<p>P\u0159i registraci si s sebou vezm\u011bte pr\u016fkaz toto\u017enosti s fotografi\u00ed (z\u00e1konn\u00e1 povinnost registrace). Mlad\u00ed lid\u00e9 do 16 let, kte\u0159\u00ed cestuj\u00ed sami, mus\u00ed p\u0159i registraci p\u0159edlo\u017eit p\u00edsemn\u00fd souhlas sv\u00fdch z\u00e1konn\u00fdch z\u00e1stupc\u016f.  <\/p>\n\n<p>Zanechte pros\u00edm sv\u00e9 h\u0159i\u0161t\u011b v \u010dist\u00e9m stavu.<\/p>\n\n<p><strong>Z\u00e1kaz chovu dom\u00e1c\u00edch zv\u00ed\u0159at<\/strong><\/p>\n\n<p>V z\u00e1jmu zaji\u0161t\u011bn\u00ed bezpe\u010dnosti voln\u011b \u017eij\u00edc\u00edch zv\u00ed\u0159at a rekreace na\u0161ich host\u016f v kempu nen\u00ed povolen vstup ps\u016fm, ko\u010dk\u00e1m apod.<\/p>\n\n<p><strong>Pitch<\/strong><\/p>\n\n<p>P\u0159i rezervaci v\u00e1m bude p\u0159id\u011bleno m\u00edsto ve v\u00e1mi zvolen\u00e9 kategorii. Pokud to bude mo\u017en\u00e9, zachov\u00e1me tuto kategorizaci. Z technick\u00fdch d\u016fvod\u016f rezervace si provozovatel vyhrazuje pr\u00e1vo p\u0159esunout m\u00edsto v r\u00e1mci stejn\u00e9 kategorie slu\u017eeb i po obdr\u017een\u00ed z\u00e1lohy nebo potvrzen\u00ed rezervace. Parcely v horn\u00ed \u00farovni maj\u00ed p\u0159\u00edpojky na elekt\u0159inu, vodu a \u0161edou vodu. Parcely v ni\u017e\u0161\u00edm pat\u0159e maj\u00ed p\u0159\u00edpojky na elekt\u0159inu a vodu.<\/p>\n\n<p><strong>Vozidla<\/strong><\/p>\n\n<p>V cel\u00e9m kempu plat\u00ed omezen\u00ed rychlosti na 10 km\/h. Vozidla mus\u00ed b\u00fdt zaparkov\u00e1na tak, aby nep\u0159ek\u00e1\u017eela provozu ani soused\u016fm. Na jedno parkovac\u00ed m\u00edsto je povoleno jedno auto. Pokud si p\u0159ejete zaparkovat jin\u00e1 vozidla, kontaktujte n\u00e1s pros\u00edm.<\/p>\n\n<p><strong>Doba odpo\u010dinku<\/strong><\/p>\n\n<p>Klidov\u00e9 hodiny jsou od 12:00 do 13:00 a od 22:00 do 6:00.<br \/>Ty by m\u011bly p\u0159isp\u011bt k va\u0161emu zotaven\u00ed.<br \/>Bu\u010fte pros\u00edm ohledupln\u00ed k ostatn\u00edm \u00fa\u010dastn\u00edk\u016fm t\u00e1bora a vyvarujte se hluku. Zejm\u00e9na r\u00e1dia, televizory, hudebn\u00ed syst\u00e9my, hudebn\u00ed n\u00e1stroje atd. mus\u00ed b\u00fdt pou\u017e\u00edv\u00e1ny tak, aby neru\u0161ily sousedy.<\/p>\n\n<p><strong>Odpady<\/strong><\/p>\n\n<p>Odpad je t\u0159eba t\u0159\u00eddit a vyhazovat do popelnic nebo kontejner\u016f, kter\u00e9 jsou k dispozici na na\u0161em skl\u00e1dkovi\u0161ti.<\/p>\n\n<p><strong>D\u011bti<\/strong><\/p>\n\n<p>Rodi\u010de mus\u00ed na sv\u00e9 d\u011bti neust\u00e1le zodpov\u011bdn\u011b dohl\u00ed\u017eet.<br \/>Rodi\u010de jsou za sv\u00e9 d\u011bti zodpov\u011bdn\u00ed!<\/p>\n\n<p><strong>Grilov\u00e1n\u00ed \/ t\u00e1bor\u00e1k<\/strong><\/p>\n\n<p>Grilov\u00e1n\u00ed je povoleno pouze s vhodn\u00fdm vybaven\u00edm. \u017dhav\u00e9 uhl\u00edky a ohe\u0148 mus\u00ed b\u00fdt pod neust\u00e1l\u00fdm dohledem. M\u00edsto pro grilov\u00e1n\u00ed mus\u00ed b\u00fdt ihned po skon\u010den\u00ed grilov\u00e1n\u00ed \u010dist\u00e9. T\u00e1bor\u00e1k je mo\u017en\u00e9 rozd\u011bl\u00e1vat pouze v prostoru pro grilov\u00e1n\u00ed (v betonov\u00e9m kruhu). V p\u0159\u00edpad\u011b zv\u00fd\u0161en\u00e9ho rizika lesn\u00edch po\u017e\u00e1r\u016f m\u016f\u017ee provozovatel vydat z\u00e1kaz pou\u017e\u00edv\u00e1n\u00ed otev\u0159en\u00e9ho ohn\u011b.<\/p>\n\n<p><strong>Vyu\u017eit\u00ed maturitn\u00edho plesu a koupali\u0161t\u011b<\/strong><\/p>\n\n<p>Pou\u017e\u00edv\u00e1n\u00ed maturitn\u00edho plesu a koupac\u00edho jez\u00edrka je na vlastn\u00ed nebezpe\u010d\u00ed.<\/p>\n\n<p><strong>Bezpe\u010dnost\/zdroje nebezpe\u010d\u00ed<\/strong><\/p>\n\n<p>V kempu nen\u00ed dovoleno kopat p\u0159\u00edkopy, pokl\u00e1dat kameny jako ohrani\u010den\u00ed nebo ohrazovat sv\u00e9 m\u00edsto. Dbejte na to, aby nikdo nebyl ohro\u017een stanov\u00fdmi kol\u00edky, \u0161\u0148\u016frami nebo jin\u00fdm kempinkov\u00fdm p\u0159\u00edslu\u0161enstv\u00edm. Ozna\u010dte \u0161patn\u011b rozpoznateln\u00e9 zdroje nebezpe\u010d\u00ed jasn\u011b viditeln\u00fdmi zna\u010dkami. Ch\u016fze a j\u00edzda po stezk\u00e1ch je na vlastn\u00ed nebezpe\u010d\u00ed.<\/p>\n\n<p><strong>\u010cistota<\/strong><\/p>\n\n<p>Pros\u00edme v\u00e1s, abyste zanechali soci\u00e1ln\u00ed za\u0159\u00edzen\u00ed \u010dist\u00e9, p\u0159\u00ed\u0161t\u00ed host\u00e9 kempu v\u00e1m za to pod\u011bkuj\u00ed. D\u011btem mlad\u0161\u00edm 6 let je vstup do za\u0159\u00edzen\u00ed povolen pouze v doprovodu dosp\u011bl\u00e9 osoby.<\/p>\n\n<p><strong>Z\u00e1kaz kou\u0159en\u00ed<\/strong><\/p>\n\n<p>V uzav\u0159en\u00fdch prostor\u00e1ch je kou\u0159en\u00ed zak\u00e1z\u00e1no. Cigaretov\u00e9 nedopalky se mus\u00ed vyhazovat do zbytkov\u00e9ho odpadu!<\/p>\n\n<p><strong>Zelen\u00e9 plochy<\/strong><\/p>\n\n<p>Pe\u010dujte pros\u00edm o zelen\u00e9 plochy a udr\u017eujte je v \u010distot\u011b. Jsou ur\u010deny pro va\u0161i relaxaci a pot\u011b\u0161en\u00ed.<br \/>\u010cas od \u010dasu je nutn\u00e9 tr\u00e1vn\u00edk posekat nebo prov\u00e9st jinou \u00fadr\u017ebu travnat\u00fdch ploch. D\u011bkujeme za pochopen\u00ed.<\/p>\n\n<p><strong>Po\u0161kozen\u00ed<\/strong><\/p>\n\n<p>Za \u0161kody na za\u0159\u00edzen\u00ed a vybaven\u00ed kempu odpov\u00edd\u00e1 osoba, kter\u00e1 je zp\u016fsobila. Nep\u0159eb\u00edr\u00e1me \u017e\u00e1dnou odpov\u011bdnost za kr\u00e1de\u017ee nebo po\u0161kozen\u00ed majetku host\u016f t\u0159et\u00edmi osobami ani za zran\u011bn\u00ed nebo nehody. Doporu\u010dujeme proto soukrom\u00e9 zaji\u0161t\u011bn\u00ed formou poji\u0161t\u011bn\u00ed.<\/p>\n\n<p><strong>P\u0159ejeme v\u00e1m p\u0159\u00edjemn\u00fd a pohodov\u00fd pobyt!<\/strong><\/p>\n","protected":false},"excerpt":{"rendered":"<p>V\u00e1\u017een\u00ed host\u00e9 v kempu, T\u011b\u0161\u00edme se na v\u00e1s v kempu Waldenstein. Aby byl v\u00e1\u0161 pobyt pohodov\u00fd a \u00fasp\u011b\u0161n\u00fd, dodr\u017eujte pros\u00edm na\u0161e pravidla. P\u0159\u00edjezd a odjezd Vstup do kempu je povolen pouze po registraci ve sportovn\u00ed restauraci Stefan Hinger (hned vedle). P\u0159ijet m\u016f\u017eete denn\u011b od 13:00. P\u0159ihlaste se pros\u00edm ve sportovn\u00ed restauraci Stefan Hinger p\u0159\u00edmo v [&hellip;]<\/p>\n","protected":false},"author":2,"featured_media":0,"parent":606,"menu_order":4,"comment_status":"closed","ping_status":"closed","template":"","meta":{"footnotes":""},"class_list":["post-622","page","type-page","status-publish","hentry"],"_links":{"self":[{"href":"https:\/\/camping-waldenstein.at\/cs\/wp-json\/wp\/v2\/pages\/622","targetHints":{"allow":["GET"]}}],"collection":[{"href":"https:\/\/camping-waldenstein.at\/cs\/wp-json\/wp\/v2\/pages"}],"about":[{"href":"https:\/\/camping-waldenstein.at\/cs\/wp-json\/wp\/v2\/types\/page"}],"author":[{"embeddable":true,"href":"https:\/\/camping-waldenstein.at\/cs\/wp-json\/wp\/v2\/users\/2"}],"replies":[{"embeddable":true,"href":"https:\/\/camping-waldenstein.at\/cs\/wp-json\/wp\/v2\/comments?post=622"}],"version-history":[{"count":2,"href":"https:\/\/camping-waldenstein.at\/cs\/wp-json\/wp\/v2\/pages\/622\/revisions"}],"predecessor-version":[{"id":664,"href":"https:\/\/camping-waldenstein.at\/cs\/wp-json\/wp\/v2\/pages\/622\/revisions\/664"}],"up":[{"embeddable":true,"href":"https:\/\/camping-waldenstein.at\/cs\/wp-json\/wp\/v2\/pages\/606"}],"wp:attachment":[{"href":"https:\/\/camping-waldenstein.at\/cs\/wp-json\/wp\/v2\/media?parent=622"}],"curies":[{"name":"wp","href":"https:\/\/api.w.org\/{rel}","templated":true}]}}