{"id":626,"date":"2024-03-06T19:07:47","date_gmt":"2024-03-06T19:07:47","guid":{"rendered":"https:\/\/cw.testerei.at\/rekreace\/"},"modified":"2024-04-24T06:56:29","modified_gmt":"2024-04-24T06:56:29","slug":"rekreace","status":"publish","type":"page","link":"https:\/\/camping-waldenstein.at\/cs\/rekreace\/","title":{"rendered":"Rekreace"},"content":{"rendered":"\n<p>Camping Waldenstein nab\u00edz\u00ed ty nejlep\u0161\u00ed podm\u00ednky pro to, aby se va\u0161e dovolen\u00e1 skute\u010dn\u011b vyda\u0159ila.<\/p>\n\n\n\n<ul class=\"wp-block-list\">\n<li>m\u00edsto obklopen\u00e9 p\u0159\u00edrodou Waldviertelu, kde m\u016f\u017eete zbl\u00edzka <strong>vn\u00edmat <\/strong>sv\u011btlo, vzduch a vodu.<\/li>\n\n\n\n<li>m\u00edsto hned vedle maturitn\u00ed v\u011b\u017ee, kde si m\u016f\u017eete <strong>dob\u00edt baterky<\/strong>.<\/li>\n\n\n\n<li>M\u00edsto pro relaxaci &#8211; abyste mohli zv\u00fd\u0161it svou osobn\u00ed <strong>pohodu <\/strong>.<\/li>\n\n\n\n<li>m\u00edsto v t\u011bsn\u00e9 bl\u00edzkosti mnoha obl\u00edben\u00fdch v\u00fdletn\u00edch c\u00edl\u016f v Horn\u00edm Waldviertelu.<\/li>\n<\/ul>\n\n\n\n<p><\/p>\n\n\n\n<h5 class=\"wp-block-heading\">Krajina Waldviertelu &#8211; a jej\u00ed kouzlo<\/h5>\n\n\n\n<p>Okouzluj\u00edc\u00ed, ale na prvn\u00ed pohled mo\u017en\u00e1 pon\u011bkud drsn\u011b vypadaj\u00edc\u00ed krajina Waldviertelu, kter\u00fd je sou\u010d\u00e1st\u00ed \u010cesk\u00e9ho masivu, je z velk\u00e9 \u010d\u00e1sti zp\u016fsobena \u017eulov\u00fdm podlo\u017e\u00edm. To znamen\u00e1 kysel\u00e9 p\u016fdy a m\u011bkkou vodu. Tyto podm\u00ednky charakterizuj\u00ed i vzhled Waldviertelu &#8211; m\u00edrn\u00e9 kotliny a \u00fadol\u00ed se st\u0159\u00eddaj\u00ed s n\u00edzk\u00fdmi vrcholky kopc\u016f. P\u0159ibli\u017en\u011b 40 % \u00fazem\u00ed Waldviertelu pokr\u00fdvaj\u00ed lesy, kter\u00e9 se \u010dasto st\u0159\u00eddaj\u00ed s mal\u00fdmi orn\u00fdmi poli a loukami.<\/p>\n\n\n\n<figure class=\"wp-block-image size-large\"><img fetchpriority=\"high\" decoding=\"async\" width=\"1024\" height=\"768\" src=\"https:\/\/camping-waldenstein.at\/wp-content\/uploads\/2024\/04\/20240411_173352-1024x768.jpg\" alt=\"\" class=\"wp-image-579\" srcset=\"https:\/\/camping-waldenstein.at\/wp-content\/uploads\/2024\/04\/20240411_173352-1024x768.jpg 1024w, https:\/\/camping-waldenstein.at\/wp-content\/uploads\/2024\/04\/20240411_173352-300x225.jpg 300w, https:\/\/camping-waldenstein.at\/wp-content\/uploads\/2024\/04\/20240411_173352-768x576.jpg 768w, https:\/\/camping-waldenstein.at\/wp-content\/uploads\/2024\/04\/20240411_173352-1536x1152.jpg 1536w, https:\/\/camping-waldenstein.at\/wp-content\/uploads\/2024\/04\/20240411_173352-2048x1536.jpg 2048w\" sizes=\"(max-width: 1024px) 100vw, 1024px\" \/><\/figure>\n\n\n\n<p><\/p>\n\n\n\n<h5 class=\"wp-block-heading\">P\u0159\u00edroda a zdrav\u00ed<\/h5>\n\n\n\n<p>P\u0159\u00edroda podporuje fyzickou, du\u0161evn\u00ed a soci\u00e1ln\u00ed pohodu lid\u00ed. P\u0159irozen\u00e9 prost\u0159ed\u00ed zvy\u0161uje ochotu k pohybu &#8211; a to m\u00e1 v\u0161estrann\u011b pozitivn\u00ed \u00fa\u010dinky na t\u011blo i mysl. Ale i samotn\u00e9 pasivn\u00ed u\u017e\u00edv\u00e1n\u00ed si p\u0159\u00edrody pom\u00e1h\u00e1 sni\u017eovat stres a nach\u00e1zet uvoln\u011bn\u00ed. A to jsou dobr\u00e9 z\u00e1klady pro dosa\u017een\u00ed du\u0161evn\u00ed rovnov\u00e1hy. Je t\u0159eba zd\u016fraznit pozitivn\u00ed vliv p\u0159\u00edrody na d\u011bti. P\u0159\u00edroda podporuje jejich kognitivn\u00ed, motorick\u00fd a soci\u00e1ln\u00ed rozvoj.  <\/p>\n\n\n\n<figure class=\"wp-block-image size-large\"><img decoding=\"async\" width=\"1024\" height=\"768\" src=\"https:\/\/camping-waldenstein.at\/wp-content\/uploads\/2024\/04\/20210518_171219-1024x768.jpg\" alt=\"\" class=\"wp-image-462\" srcset=\"https:\/\/camping-waldenstein.at\/wp-content\/uploads\/2024\/04\/20210518_171219-1024x768.jpg 1024w, https:\/\/camping-waldenstein.at\/wp-content\/uploads\/2024\/04\/20210518_171219-300x225.jpg 300w, https:\/\/camping-waldenstein.at\/wp-content\/uploads\/2024\/04\/20210518_171219-768x576.jpg 768w, https:\/\/camping-waldenstein.at\/wp-content\/uploads\/2024\/04\/20210518_171219-1536x1152.jpg 1536w, https:\/\/camping-waldenstein.at\/wp-content\/uploads\/2024\/04\/20210518_171219-2048x1536.jpg 2048w\" sizes=\"(max-width: 1024px) 100vw, 1024px\" \/><\/figure>\n\n\n\n<p>B\u011bhem pobytu v kempu Waldenstein bychom v\u00e1m r\u00e1di nab\u00eddli mo\u017enost poznat p\u0159\u00edrodu na vlastn\u00ed k\u016f\u017ei. Zlep\u0161ete si pohodu podle sv\u00e9ho gusta &#8211; od prost\u00e9ho nicned\u011bl\u00e1n\u00ed, p\u0159es sportovn\u00ed v\u00fdzvy a\u017e po relaxaci v p\u0159\u00edrod\u011b. Nechte se un\u00e1\u0161et v solankov\u00fdch skaln\u00edch l\u00e1zn\u00edch v Gm\u00fcndu, osv\u011b\u017ete sv\u00e9 d\u00fdchac\u00ed cesty v maturitn\u00edm centru Waldenstein nebo si u\u017eijte proch\u00e1zku v lese. V z\u00e1vislosti na sv\u00fdch preferenc\u00edch se tak m\u016f\u017eete za\u0159adit do sv\u00e9ho osobn\u00edho rytmu.<\/p>\n","protected":false},"excerpt":{"rendered":"<p>Camping Waldenstein nab\u00edz\u00ed ty nejlep\u0161\u00ed podm\u00ednky pro to, aby se va\u0161e dovolen\u00e1 skute\u010dn\u011b vyda\u0159ila. Krajina Waldviertelu &#8211; a jej\u00ed kouzlo Okouzluj\u00edc\u00ed, ale na prvn\u00ed pohled mo\u017en\u00e1 pon\u011bkud drsn\u011b vypadaj\u00edc\u00ed krajina Waldviertelu, kter\u00fd je sou\u010d\u00e1st\u00ed \u010cesk\u00e9ho masivu, je z velk\u00e9 \u010d\u00e1sti zp\u016fsobena \u017eulov\u00fdm podlo\u017e\u00edm. To znamen\u00e1 kysel\u00e9 p\u016fdy a m\u011bkkou vodu. Tyto podm\u00ednky charakterizuj\u00ed i vzhled [&hellip;]<\/p>\n","protected":false},"author":1,"featured_media":0,"parent":0,"menu_order":0,"comment_status":"closed","ping_status":"closed","template":"","meta":{"footnotes":""},"class_list":["post-626","page","type-page","status-publish","hentry"],"_links":{"self":[{"href":"https:\/\/camping-waldenstein.at\/cs\/wp-json\/wp\/v2\/pages\/626","targetHints":{"allow":["GET"]}}],"collection":[{"href":"https:\/\/camping-waldenstein.at\/cs\/wp-json\/wp\/v2\/pages"}],"about":[{"href":"https:\/\/camping-waldenstein.at\/cs\/wp-json\/wp\/v2\/types\/page"}],"author":[{"embeddable":true,"href":"https:\/\/camping-waldenstein.at\/cs\/wp-json\/wp\/v2\/users\/1"}],"replies":[{"embeddable":true,"href":"https:\/\/camping-waldenstein.at\/cs\/wp-json\/wp\/v2\/comments?post=626"}],"version-history":[{"count":2,"href":"https:\/\/camping-waldenstein.at\/cs\/wp-json\/wp\/v2\/pages\/626\/revisions"}],"predecessor-version":[{"id":666,"href":"https:\/\/camping-waldenstein.at\/cs\/wp-json\/wp\/v2\/pages\/626\/revisions\/666"}],"wp:attachment":[{"href":"https:\/\/camping-waldenstein.at\/cs\/wp-json\/wp\/v2\/media?parent=626"}],"curies":[{"name":"wp","href":"https:\/\/api.w.org\/{rel}","templated":true}]}}