{"id":630,"date":"2024-03-06T23:54:54","date_gmt":"2024-03-06T23:54:54","guid":{"rendered":"https:\/\/cw.testerei.at\/rekreace\/absolventsky-zavod\/"},"modified":"2024-04-23T08:44:49","modified_gmt":"2024-04-23T08:44:49","slug":"absolventsky-zavod","status":"publish","type":"page","link":"https:\/\/camping-waldenstein.at\/cs\/rekreace\/absolventsky-zavod\/","title":{"rendered":"Absolventsk\u00fd z\u00e1vod"},"content":{"rendered":"\n<p>\u00dast\u0159edn\u00edm bodem za\u0159\u00edzen\u00ed Waldenstein Kneipp je <a href=\"http:\/\/www.waldenstein.at\/neu\/meeresluft-in-waldenstein\/\" target=\"_blank\" rel=\"noreferrer noopener\">maturitn\u00ed s\u00e1l<\/a>. Od kempu je to jen p\u00e1r krok\u016f.<\/p>\n\n<figure class=\"wp-block-image size-large\"><img decoding=\"async\" src=\"https:\/\/camping-waldenstein.at\/wp-content\/uploads\/2024\/03\/Gradieranlage-1024x768.jpg\" alt=\"\" class=\"wp-image-48\"\/><\/figure>\n\n<p>Slan\u00e1 voda &#8211; tzv. solanka &#8211; te\u010de p\u0159es jedlov\u00e9 chrast\u00ed a v\u011btve trnek. Jak slan\u00e1 voda st\u00e9k\u00e1 dol\u016f, rozb\u00edj\u00ed se v nes\u010detn\u00fdch v\u011btv\u00edch na drobn\u00e9 kapi\u010dky. Obohacuje vzduch soln\u00fdm aerosolem a esenci\u00e1ln\u00edmi oleji. Vdechov\u00e1n\u00ed tohoto slan\u00e9ho vzduchu do d\u00fdchac\u00edch cest zlep\u0161uje jejich prokrven\u00ed, co\u017e zm\u00edr\u0148uje \u010detn\u00e9 d\u00fdchac\u00ed pot\u00ed\u017ee. Inhalace v graduj\u00edc\u00edm za\u0159\u00edzen\u00ed m\u00e1 \u00fadajn\u011b tak\u00e9 uklid\u0148uj\u00edc\u00ed \u00fa\u010dinek a o\u017eivuje kardiovaskul\u00e1rn\u00ed syst\u00e9m. Abyste si pln\u011b vychutnali pozitivn\u00ed \u00fa\u010dinky t\u011bchto inhalac\u00ed, doporu\u010duje se pou\u017e\u00edvat gradua\u010dn\u00ed syst\u00e9m denn\u011b po dobu nejm\u00e9n\u011b dvou hodin. 20 minut na n\u00e1v\u0161t\u011bvu.<\/p>\n\n<p>Grada\u010dn\u00ed v\u011b\u017ee se p\u016fvodn\u011b pou\u017e\u00edvaly v soln\u00fdch elektr\u00e1rn\u00e1ch ke koncentraci solanky. Bylo zji\u0161t\u011bno, \u017ee to m\u016f\u017ee zm\u00edrnit d\u00fdchac\u00ed pot\u00ed\u017ee. T\u011b\u017eba soli sice nen\u00ed na Vald\u0161tejn\u011b mo\u017en\u00e1, ale b\u00edl\u00e9 zlato je dnes na\u0161t\u011bst\u00ed dostupn\u00e9 pro ka\u017ed\u00e9ho.<\/p>\n\n<p>Objekt je mo\u017en\u00e9 vyu\u017e\u00edvat bezplatn\u011b po cel\u00fd den p\u0159ibli\u017en\u011b od poloviny dubna do konce \u0159\u00edjna.<br\/>P\u0159i ni\u017e\u0161\u00edch teplot\u00e1ch je vhodn\u00e9 vz\u00edt si s sebou teplou p\u0159ikr\u00fdvku, proto\u017ee vlhk\u00fd vzduch je chladn\u011bj\u0161\u00ed.<\/p>\n\n<figure class=\"wp-block-image size-large\"><img fetchpriority=\"high\" decoding=\"async\" width=\"1024\" height=\"687\" src=\"https:\/\/camping-waldenstein.at\/wp-content\/uploads\/2024\/04\/Schlehenzweige-1024x687.jpg\" alt=\"\" class=\"wp-image-486\" srcset=\"https:\/\/camping-waldenstein.at\/wp-content\/uploads\/2024\/04\/Schlehenzweige-1024x687.jpg 1024w, https:\/\/camping-waldenstein.at\/wp-content\/uploads\/2024\/04\/Schlehenzweige-300x201.jpg 300w, https:\/\/camping-waldenstein.at\/wp-content\/uploads\/2024\/04\/Schlehenzweige-768x515.jpg 768w\" sizes=\"(max-width: 1024px) 100vw, 1024px\" \/><\/figure>\n","protected":false},"excerpt":{"rendered":"<p>\u00dast\u0159edn\u00edm bodem za\u0159\u00edzen\u00ed Waldenstein Kneipp je maturitn\u00ed s\u00e1l. Od kempu je to jen p\u00e1r krok\u016f. Slan\u00e1 voda &#8211; tzv. solanka &#8211; te\u010de p\u0159es jedlov\u00e9 chrast\u00ed a v\u011btve trnek. Jak slan\u00e1 voda st\u00e9k\u00e1 dol\u016f, rozb\u00edj\u00ed se v nes\u010detn\u00fdch v\u011btv\u00edch na drobn\u00e9 kapi\u010dky. Obohacuje vzduch soln\u00fdm aerosolem a esenci\u00e1ln\u00edmi oleji. Vdechov\u00e1n\u00ed tohoto slan\u00e9ho vzduchu do d\u00fdchac\u00edch cest [&hellip;]<\/p>\n","protected":false},"author":1,"featured_media":478,"parent":626,"menu_order":0,"comment_status":"closed","ping_status":"closed","template":"","meta":{"footnotes":""},"class_list":["post-630","page","type-page","status-publish","has-post-thumbnail","hentry"],"_links":{"self":[{"href":"https:\/\/camping-waldenstein.at\/cs\/wp-json\/wp\/v2\/pages\/630","targetHints":{"allow":["GET"]}}],"collection":[{"href":"https:\/\/camping-waldenstein.at\/cs\/wp-json\/wp\/v2\/pages"}],"about":[{"href":"https:\/\/camping-waldenstein.at\/cs\/wp-json\/wp\/v2\/types\/page"}],"author":[{"embeddable":true,"href":"https:\/\/camping-waldenstein.at\/cs\/wp-json\/wp\/v2\/users\/1"}],"replies":[{"embeddable":true,"href":"https:\/\/camping-waldenstein.at\/cs\/wp-json\/wp\/v2\/comments?post=630"}],"version-history":[{"count":1,"href":"https:\/\/camping-waldenstein.at\/cs\/wp-json\/wp\/v2\/pages\/630\/revisions"}],"predecessor-version":[{"id":631,"href":"https:\/\/camping-waldenstein.at\/cs\/wp-json\/wp\/v2\/pages\/630\/revisions\/631"}],"up":[{"embeddable":true,"href":"https:\/\/camping-waldenstein.at\/cs\/wp-json\/wp\/v2\/pages\/626"}],"wp:featuredmedia":[{"embeddable":true,"href":"https:\/\/camping-waldenstein.at\/cs\/wp-json\/wp\/v2\/media\/478"}],"wp:attachment":[{"href":"https:\/\/camping-waldenstein.at\/cs\/wp-json\/wp\/v2\/media?parent=630"}],"curies":[{"name":"wp","href":"https:\/\/api.w.org\/{rel}","templated":true}]}}