{"id":634,"date":"2024-03-06T23:56:30","date_gmt":"2024-03-06T23:56:30","guid":{"rendered":"https:\/\/cw.testerei.at\/rekreace\/kneippova-terapie\/"},"modified":"2024-04-23T08:46:54","modified_gmt":"2024-04-23T08:46:54","slug":"kneippova-terapie","status":"publish","type":"page","link":"https:\/\/camping-waldenstein.at\/cs\/rekreace\/kneippova-terapie\/","title":{"rendered":"Kneippova terapie"},"content":{"rendered":"\n<figure class=\"wp-block-image size-large\"><img fetchpriority=\"high\" decoding=\"async\" width=\"1024\" height=\"682\" src=\"https:\/\/camping-waldenstein.at\/wp-content\/uploads\/2024\/04\/legs-and-feet-relaxing-in-front-of-serene-fresh-water-pond-1-1024x682.jpg\" alt=\"Relaxace nohou a chodidel p&#x159;ed klidn&#xFD;m sladkovodn&#xED;m jez&#xED;rkem\" class=\"wp-image-571\" srcset=\"https:\/\/camping-waldenstein.at\/wp-content\/uploads\/2024\/04\/legs-and-feet-relaxing-in-front-of-serene-fresh-water-pond-1-1024x682.jpg 1024w, https:\/\/camping-waldenstein.at\/wp-content\/uploads\/2024\/04\/legs-and-feet-relaxing-in-front-of-serene-fresh-water-pond-1-300x200.jpg 300w, https:\/\/camping-waldenstein.at\/wp-content\/uploads\/2024\/04\/legs-and-feet-relaxing-in-front-of-serene-fresh-water-pond-1-768x512.jpg 768w, https:\/\/camping-waldenstein.at\/wp-content\/uploads\/2024\/04\/legs-and-feet-relaxing-in-front-of-serene-fresh-water-pond-1-1536x1024.jpg 1536w, https:\/\/camping-waldenstein.at\/wp-content\/uploads\/2024\/04\/legs-and-feet-relaxing-in-front-of-serene-fresh-water-pond-1.jpg 2000w\" sizes=\"(max-width: 1024px) 100vw, 1024px\" \/><\/figure>\n\n<p>Obec Waldenstein se ji\u017e n\u011bkolik let pln\u011b v\u011bnuje Kneippov\u011b terapii. Nezbytnou sou\u010d\u00e1st\u00ed Kneippovy terapie jsou vodn\u00ed procedury a cvi\u010den\u00ed na \u010derstv\u00e9m vzduchu. Filozofie Kneippovy metody se ve Waldensteinu setk\u00e1v\u00e1 s p\u0159\u00edrodn\u00edmi motivy kamene a vody.<\/p>\n\n<p>Tyto dv\u011b d\u016fle\u017eit\u00e9 sou\u010d\u00e1sti najdete tak\u00e9 v kempu Waldenstein. Za\u017eijte a poci\u0165te p\u0159\u00edrodu zbl\u00edzka. Sta\u010d\u00ed p\u00e1r krok\u016f a m\u016f\u017eete b\u00fdt u potoka Elexenbach, kter\u00fd prot\u00e9k\u00e1 kolem, c\u00edtit v\u00edtr ve vlasech, osv\u011b\u017eit se \u0161lap\u00e1n\u00edm vody v rybn\u00edce, vdechovat soln\u00e9 aerosoly v maturitn\u00edm st\u0159edisku nebo si u\u017e\u00edvat hudbu obyvatel louky.<\/p>\n\n<p>Okru\u017en\u00ed turistick\u00e1 trasa \u010d. 70 v obci vede p\u0159es v\u0161echny katastr\u00e1ln\u00ed obce v d\u00e9lce asi 17 kilometr\u016f. V ka\u017ed\u00e9 vesnici se m\u016f\u017eete ob\u010derstvit na Kneippov\u011b stanici. V\u00edce informac\u00ed o t\u00e9to turistick\u00e9 stezce najdete <a href=\"http:\/\/www.waldenstein.at\/typo3\/fileadmin\/inhalt\/gemeinde\/img\/gemeinde\/wanderkarte\/waldenstein-kneipp-rundwanderweg.pdf\" target=\"_blank\" rel=\"noreferrer noopener\">zde<\/a>.<\/p>\n","protected":false},"excerpt":{"rendered":"<p>Obec Waldenstein se ji\u017e n\u011bkolik let pln\u011b v\u011bnuje Kneippov\u011b terapii. Nezbytnou sou\u010d\u00e1st\u00ed Kneippovy terapie jsou vodn\u00ed procedury a cvi\u010den\u00ed na \u010derstv\u00e9m vzduchu. Filozofie Kneippovy metody se ve Waldensteinu setk\u00e1v\u00e1 s p\u0159\u00edrodn\u00edmi motivy kamene a vody. Tyto dv\u011b d\u016fle\u017eit\u00e9 sou\u010d\u00e1sti najdete tak\u00e9 v kempu Waldenstein. Za\u017eijte a poci\u0165te p\u0159\u00edrodu zbl\u00edzka. Sta\u010d\u00ed p\u00e1r krok\u016f a m\u016f\u017eete b\u00fdt [&hellip;]<\/p>\n","protected":false},"author":1,"featured_media":201,"parent":626,"menu_order":0,"comment_status":"closed","ping_status":"closed","template":"","meta":{"footnotes":""},"class_list":["post-634","page","type-page","status-publish","has-post-thumbnail","hentry"],"_links":{"self":[{"href":"https:\/\/camping-waldenstein.at\/cs\/wp-json\/wp\/v2\/pages\/634","targetHints":{"allow":["GET"]}}],"collection":[{"href":"https:\/\/camping-waldenstein.at\/cs\/wp-json\/wp\/v2\/pages"}],"about":[{"href":"https:\/\/camping-waldenstein.at\/cs\/wp-json\/wp\/v2\/types\/page"}],"author":[{"embeddable":true,"href":"https:\/\/camping-waldenstein.at\/cs\/wp-json\/wp\/v2\/users\/1"}],"replies":[{"embeddable":true,"href":"https:\/\/camping-waldenstein.at\/cs\/wp-json\/wp\/v2\/comments?post=634"}],"version-history":[{"count":1,"href":"https:\/\/camping-waldenstein.at\/cs\/wp-json\/wp\/v2\/pages\/634\/revisions"}],"predecessor-version":[{"id":635,"href":"https:\/\/camping-waldenstein.at\/cs\/wp-json\/wp\/v2\/pages\/634\/revisions\/635"}],"up":[{"embeddable":true,"href":"https:\/\/camping-waldenstein.at\/cs\/wp-json\/wp\/v2\/pages\/626"}],"wp:featuredmedia":[{"embeddable":true,"href":"https:\/\/camping-waldenstein.at\/cs\/wp-json\/wp\/v2\/media\/201"}],"wp:attachment":[{"href":"https:\/\/camping-waldenstein.at\/cs\/wp-json\/wp\/v2\/media?parent=634"}],"curies":[{"name":"wp","href":"https:\/\/api.w.org\/{rel}","templated":true}]}}