{"id":638,"date":"2024-03-06T23:57:26","date_gmt":"2024-03-06T23:57:26","guid":{"rendered":"https:\/\/cw.testerei.at\/rekreace\/mirne-stimulujici-klima\/"},"modified":"2024-04-23T08:47:29","modified_gmt":"2024-04-23T08:47:29","slug":"mirne-stimulujici-klima","status":"publish","type":"page","link":"https:\/\/camping-waldenstein.at\/cs\/rekreace\/mirne-stimulujici-klima\/","title":{"rendered":"M\u00edrn\u00e9 stimuluj\u00edc\u00ed klima"},"content":{"rendered":"\n<figure class=\"wp-block-image size-large\"><img fetchpriority=\"high\" decoding=\"async\" width=\"1024\" height=\"683\" src=\"https:\/\/camping-waldenstein.at\/wp-content\/uploads\/2024\/03\/csm_Wald_7067816043-1024x683.jpg\" alt=\"\" class=\"wp-image-116\" srcset=\"https:\/\/camping-waldenstein.at\/wp-content\/uploads\/2024\/03\/csm_Wald_7067816043-1024x683.jpg 1024w, https:\/\/camping-waldenstein.at\/wp-content\/uploads\/2024\/03\/csm_Wald_7067816043-300x200.jpg 300w, https:\/\/camping-waldenstein.at\/wp-content\/uploads\/2024\/03\/csm_Wald_7067816043-768x512.jpg 768w, https:\/\/camping-waldenstein.at\/wp-content\/uploads\/2024\/03\/csm_Wald_7067816043.jpg 1110w\" sizes=\"(max-width: 1024px) 100vw, 1024px\" \/><\/figure>\n\n<p>Waldviertel s pr\u016fm\u011brnou nadmo\u0159skou v\u00fd\u0161kou kolem 600 metr\u016f a p\u0159ibli\u017en\u011b 40 % les\u016f nab\u00edz\u00ed m\u00edrn\u00e9 a povzbuzuj\u00edc\u00ed klima, kter\u00e9 je ide\u00e1ln\u00ed pro regeneraci. Pobyt v m\u00edrn\u00e9m a povzbuzuj\u00edc\u00edm podneb\u00ed se ji\u017e po stalet\u00ed doporu\u010duje k pos\u00edlen\u00ed imunitn\u00edho syst\u00e9mu. Zvl\u00e1\u0161tnost\u00ed waldviertelsk\u00e9ho klimatu jsou chladn\u00e9 noci, kter\u00e9 nab\u00edzej\u00ed klidn\u00fd sp\u00e1nek, a t\u00edm i nejlep\u0161\u00ed regeneraci i uprost\u0159ed l\u00e9ta.<\/p>\n\n<p>B\u011bhem sv\u00e9ho pobytu za\u017eijete i vy jedine\u010dnou relaxaci hlubok\u00fdm sp\u00e1nkem.<\/p>\n","protected":false},"excerpt":{"rendered":"<p>Waldviertel s pr\u016fm\u011brnou nadmo\u0159skou v\u00fd\u0161kou kolem 600 metr\u016f a p\u0159ibli\u017en\u011b 40 % les\u016f nab\u00edz\u00ed m\u00edrn\u00e9 a povzbuzuj\u00edc\u00ed klima, kter\u00e9 je ide\u00e1ln\u00ed pro regeneraci. Pobyt v m\u00edrn\u00e9m a povzbuzuj\u00edc\u00edm podneb\u00ed se ji\u017e po stalet\u00ed doporu\u010duje k pos\u00edlen\u00ed imunitn\u00edho syst\u00e9mu. Zvl\u00e1\u0161tnost\u00ed waldviertelsk\u00e9ho klimatu jsou chladn\u00e9 noci, kter\u00e9 nab\u00edzej\u00ed klidn\u00fd sp\u00e1nek, a t\u00edm i nejlep\u0161\u00ed regeneraci i uprost\u0159ed [&hellip;]<\/p>\n","protected":false},"author":1,"featured_media":472,"parent":626,"menu_order":0,"comment_status":"closed","ping_status":"closed","template":"","meta":{"footnotes":""},"class_list":["post-638","page","type-page","status-publish","has-post-thumbnail","hentry"],"_links":{"self":[{"href":"https:\/\/camping-waldenstein.at\/cs\/wp-json\/wp\/v2\/pages\/638","targetHints":{"allow":["GET"]}}],"collection":[{"href":"https:\/\/camping-waldenstein.at\/cs\/wp-json\/wp\/v2\/pages"}],"about":[{"href":"https:\/\/camping-waldenstein.at\/cs\/wp-json\/wp\/v2\/types\/page"}],"author":[{"embeddable":true,"href":"https:\/\/camping-waldenstein.at\/cs\/wp-json\/wp\/v2\/users\/1"}],"replies":[{"embeddable":true,"href":"https:\/\/camping-waldenstein.at\/cs\/wp-json\/wp\/v2\/comments?post=638"}],"version-history":[{"count":1,"href":"https:\/\/camping-waldenstein.at\/cs\/wp-json\/wp\/v2\/pages\/638\/revisions"}],"predecessor-version":[{"id":639,"href":"https:\/\/camping-waldenstein.at\/cs\/wp-json\/wp\/v2\/pages\/638\/revisions\/639"}],"up":[{"embeddable":true,"href":"https:\/\/camping-waldenstein.at\/cs\/wp-json\/wp\/v2\/pages\/626"}],"wp:featuredmedia":[{"embeddable":true,"href":"https:\/\/camping-waldenstein.at\/cs\/wp-json\/wp\/v2\/media\/472"}],"wp:attachment":[{"href":"https:\/\/camping-waldenstein.at\/cs\/wp-json\/wp\/v2\/media?parent=638"}],"curies":[{"name":"wp","href":"https:\/\/api.w.org\/{rel}","templated":true}]}}