{"id":646,"date":"2024-03-06T19:07:26","date_gmt":"2024-03-06T19:07:26","guid":{"rendered":"https:\/\/cw.testerei.at\/volny-cas\/"},"modified":"2024-04-24T07:33:44","modified_gmt":"2024-04-24T07:33:44","slug":"volny-cas","status":"publish","type":"page","link":"https:\/\/camping-waldenstein.at\/cs\/volny-cas\/","title":{"rendered":"Voln\u00fd \u010das"},"content":{"rendered":"\n<p>Camping Waldenstein se nach\u00e1z\u00ed ve stalet\u00e9 kulturn\u00ed krajin\u011b Waldviertel. Kopcovit\u00e1 krajina je ide\u00e1ln\u00ed pro pozn\u00e1v\u00e1n\u00ed na kole nebo p\u011b\u0161ky. V dosahu je mnoho v\u00fdletn\u00edch c\u00edl\u016f a pam\u00e1tek, jako je m\u011bsto Weitra, Blockheide Gm\u00fcnd, Hochmoor Schrems, opatstv\u00ed Zwettl nebo rybn\u00edky.<\/p>\n\n\n\n<div class=\"wp-block-columns is-layout-flex wp-container-core-columns-is-layout-28f84493 wp-block-columns-is-layout-flex\">\n<div class=\"wp-block-column is-layout-flow wp-block-column-is-layout-flow\">\n<p>P\u0159\u00edmo kolem kempu vedou cyklistick\u00e9 a turistick\u00e9 stezky. Na m\u00edst\u011b si lze tak\u00e9 rezervovat venkovn\u00ed a kryt\u00e9 tenisov\u00e9 kurty, squashovou halu a padelov\u00fd kurt. Milovn\u00edci lezen\u00ed si mohou vyzkou\u0161et boulderingovou v\u011b\u017e.<\/p>\n\n\n\n<p>Mnoho tip\u016f a odkaz\u016f na v\u00fdletn\u00ed c\u00edle, cyklistick\u00e9 a turistick\u00e9 stezky najdete v na\u0161\u00ed digit\u00e1ln\u00ed slo\u017ece pro hosty, kterou obdr\u017e\u00edte p\u0159i rezervaci nebo ubytov\u00e1n\u00ed.  <\/p>\n<\/div>\n\n\n\n<div class=\"wp-block-column is-layout-flow wp-block-column-is-layout-flow\">\n<figure class=\"wp-block-image alignright size-large is-resized\"><img fetchpriority=\"high\" decoding=\"async\" width=\"564\" height=\"1024\" src=\"https:\/\/camping-waldenstein.at\/wp-content\/uploads\/2024\/04\/digitale-Gaestemappe-e1713258503462-564x1024.png\" alt=\"\" class=\"wp-image-509\" style=\"width:259px;height:auto\" \/><\/figure>\n<\/div>\n<\/div>\n","protected":false},"excerpt":{"rendered":"<p>Camping Waldenstein se nach\u00e1z\u00ed ve stalet\u00e9 kulturn\u00ed krajin\u011b Waldviertel. Kopcovit\u00e1 krajina je ide\u00e1ln\u00ed pro pozn\u00e1v\u00e1n\u00ed na kole nebo p\u011b\u0161ky. V dosahu je mnoho v\u00fdletn\u00edch c\u00edl\u016f a pam\u00e1tek, jako je m\u011bsto Weitra, Blockheide Gm\u00fcnd, Hochmoor Schrems, opatstv\u00ed Zwettl nebo rybn\u00edky. P\u0159\u00edmo kolem kempu vedou cyklistick\u00e9 a turistick\u00e9 stezky. Na m\u00edst\u011b si lze tak\u00e9 rezervovat venkovn\u00ed a [&hellip;]<\/p>\n","protected":false},"author":1,"featured_media":336,"parent":0,"menu_order":0,"comment_status":"closed","ping_status":"closed","template":"","meta":{"footnotes":""},"class_list":["post-646","page","type-page","status-publish","has-post-thumbnail","hentry"],"_links":{"self":[{"href":"https:\/\/camping-waldenstein.at\/cs\/wp-json\/wp\/v2\/pages\/646","targetHints":{"allow":["GET"]}}],"collection":[{"href":"https:\/\/camping-waldenstein.at\/cs\/wp-json\/wp\/v2\/pages"}],"about":[{"href":"https:\/\/camping-waldenstein.at\/cs\/wp-json\/wp\/v2\/types\/page"}],"author":[{"embeddable":true,"href":"https:\/\/camping-waldenstein.at\/cs\/wp-json\/wp\/v2\/users\/1"}],"replies":[{"embeddable":true,"href":"https:\/\/camping-waldenstein.at\/cs\/wp-json\/wp\/v2\/comments?post=646"}],"version-history":[{"count":2,"href":"https:\/\/camping-waldenstein.at\/cs\/wp-json\/wp\/v2\/pages\/646\/revisions"}],"predecessor-version":[{"id":676,"href":"https:\/\/camping-waldenstein.at\/cs\/wp-json\/wp\/v2\/pages\/646\/revisions\/676"}],"wp:featuredmedia":[{"embeddable":true,"href":"https:\/\/camping-waldenstein.at\/cs\/wp-json\/wp\/v2\/media\/336"}],"wp:attachment":[{"href":"https:\/\/camping-waldenstein.at\/cs\/wp-json\/wp\/v2\/media?parent=646"}],"curies":[{"name":"wp","href":"https:\/\/api.w.org\/{rel}","templated":true}]}}