{"id":650,"date":"2024-03-07T08:19:21","date_gmt":"2024-03-07T08:19:21","guid":{"rendered":"https:\/\/cw.testerei.at\/otisk\/"},"modified":"2024-05-01T05:09:10","modified_gmt":"2024-05-01T05:09:10","slug":"otisk","status":"publish","type":"page","link":"https:\/\/camping-waldenstein.at\/cs\/otisk\/","title":{"rendered":"Otisk"},"content":{"rendered":"\n<p>Doris Krenn<br\/>Waldenstein 84\/2<br\/>3961 Waldenstein<br\/>Rakousko<\/p>\n\n<p>Telefon: +43 664 4355532<br\/>e-mail: <a href=\"linkTo_UnCryptMailto('kygjrm8mddgacYfyqgry,yr');\">info@camping-waldenstein.at<\/a><\/p>\n\n<p>IBAN: AT75 2027 2000 0096 2092<br\/>BIC: SPZWAT21XXX (Waldviertler Sparkasse Bank AG)<\/p>\n\n<p>P\u0159edm\u011bt podnik\u00e1n\u00ed spole\u010dnosti: Provozov\u00e1n\u00ed kempu<br\/>\u010c\u00edslo UID: ATU77687102<br\/> <\/p>\n\n<h4 class=\"wp-block-heading\">Vlastn\u00edk a vydavatel m\u00e9di\u00ed<\/h4>\n\n<p>Doris Krenn<br\/>Waldenstein 84\/2<br\/>3961 Waldenstein<br\/>Rakousko<\/p>\n\n<h4 class=\"wp-block-heading\">Odpov\u011bdnost za obsah<\/h4>\n\n<p>Doris Krenn<br\/>Waldenstein 84\/2<br\/>3961 Waldenstein<br\/>Rakousko<\/p>\n\n<h4 class=\"wp-block-heading\">Autorsk\u00e1 pr\u00e1va\/odm\u00edtnut\u00ed odpov\u011bdnosti<\/h4>\n\n<p>Pro obr\u00e1zky a texty: Doris Krenn. Pokud si p\u0159ejete pou\u017e\u00edt obsah mimo tyto str\u00e1nky, kontaktujte n\u00e1s.<\/p>\n\n<p>Vzhledem k technick\u00fdm vlastnostem internetu nelze zaru\u010dit pravost, p\u0159esnost a \u00faplnost informac\u00ed zp\u0159\u00edstupn\u011bn\u00fdch na internetu. Na dostupnost nebo fungov\u00e1n\u00ed t\u011bchto webov\u00fdch str\u00e1nek a jejich obsahu se nevztahuje \u017e\u00e1dn\u00e1 z\u00e1ruka.<\/p>\n\n<p>Jak\u00e1koli odpov\u011bdnost za p\u0159\u00edm\u00e9, nep\u0159\u00edm\u00e9 nebo jin\u00e9 \u0161kody, bez ohledu na jejich p\u0159\u00ed\u010diny, vznikl\u00e9 v d\u016fsledku pou\u017e\u00edv\u00e1n\u00ed nebo nedostupnosti \u00fadaj\u016f a informac\u00ed na t\u011bchto webov\u00fdch str\u00e1nk\u00e1ch je vylou\u010dena v rozsahu povolen\u00e9m z\u00e1konem.<\/p>\n\n<p>Obsah t\u00e9to domovsk\u00e9 str\u00e1nky je chr\u00e1n\u011bn autorsk\u00fdmi pr\u00e1vy. Informace jsou ur\u010deny pouze pro osobn\u00ed pou\u017eit\u00ed. Jak\u00e9koli dal\u0161\u00ed pou\u017eit\u00ed, zejm\u00e9na ukl\u00e1d\u00e1n\u00ed do datab\u00e1z\u00ed, kop\u00edrov\u00e1n\u00ed a jak\u00e1koli forma komer\u010dn\u00edho vyu\u017eit\u00ed, jako\u017e i zp\u0159\u00edstupn\u011bn\u00ed t\u0159et\u00edm stran\u00e1m &#8211; a to i \u010d\u00e1ste\u010dn\u011b nebo v upraven\u00e9 podob\u011b &#8211; je bez souhlasu vlastn\u00edka webov\u00fdch str\u00e1nek zak\u00e1z\u00e1no.<\/p>\n\n<h4 class=\"wp-block-heading\">Odpov\u011bdnost za odkazy<\/h4>\n\n<p>Tyto webov\u00e9 str\u00e1nky obsahuj\u00ed odkazy na extern\u00ed webov\u00e9 str\u00e1nky t\u0159et\u00edch stran, na jejich\u017e obsah nem\u00e1me \u017e\u00e1dn\u00fd vliv. Proto nem\u016f\u017eeme za tento obsah t\u0159et\u00edch stran p\u0159evz\u00edt \u017e\u00e1dnou odpov\u011bdnost. Za obsah odkazovan\u00fdch str\u00e1nek v\u017edy odpov\u00edd\u00e1 p\u0159\u00edslu\u0161n\u00fd poskytovatel nebo provozovatel str\u00e1nek. Odkazovan\u00e9 str\u00e1nky byly v dob\u011b odkazov\u00e1n\u00ed zkontrolov\u00e1ny z hlediska mo\u017en\u00e9ho poru\u0161en\u00ed pr\u00e1vn\u00edch p\u0159edpis\u016f. Neleg\u00e1ln\u00ed obsah nebyl v dob\u011b propojen\u00ed rozpoznateln\u00fd. Trval\u00e9 sledov\u00e1n\u00ed obsahu odkazovan\u00fdch str\u00e1nek v\u0161ak nen\u00ed bez konkr\u00e9tn\u00edch d\u016fkaz\u016f o protipr\u00e1vn\u00edm jedn\u00e1n\u00ed rozumn\u00e9. Pokud se dozv\u00edme o jak\u00e9mkoli poru\u0161en\u00ed pr\u00e1vn\u00edch p\u0159edpis\u016f, okam\u017eit\u011b takov\u00e9 odkazy odstran\u00edme.<\/p>\n","protected":false},"excerpt":{"rendered":"<p>Doris KrennWaldenstein 84\/23961 WaldensteinRakousko Telefon: +43 664 4355532e-mail: info@camping-waldenstein.at IBAN: AT75 2027 2000 0096 2092BIC: SPZWAT21XXX (Waldviertler Sparkasse Bank AG) P\u0159edm\u011bt podnik\u00e1n\u00ed spole\u010dnosti: Provozov\u00e1n\u00ed kempu\u010c\u00edslo UID: ATU77687102 Vlastn\u00edk a vydavatel m\u00e9di\u00ed Doris KrennWaldenstein 84\/23961 WaldensteinRakousko Odpov\u011bdnost za obsah Doris KrennWaldenstein 84\/23961 WaldensteinRakousko Autorsk\u00e1 pr\u00e1va\/odm\u00edtnut\u00ed odpov\u011bdnosti Pro obr\u00e1zky a texty: Doris Krenn. Pokud si p\u0159ejete pou\u017e\u00edt [&hellip;]<\/p>\n","protected":false},"author":1,"featured_media":0,"parent":0,"menu_order":0,"comment_status":"closed","ping_status":"closed","template":"","meta":{"footnotes":""},"class_list":["post-650","page","type-page","status-publish","hentry"],"_links":{"self":[{"href":"https:\/\/camping-waldenstein.at\/cs\/wp-json\/wp\/v2\/pages\/650","targetHints":{"allow":["GET"]}}],"collection":[{"href":"https:\/\/camping-waldenstein.at\/cs\/wp-json\/wp\/v2\/pages"}],"about":[{"href":"https:\/\/camping-waldenstein.at\/cs\/wp-json\/wp\/v2\/types\/page"}],"author":[{"embeddable":true,"href":"https:\/\/camping-waldenstein.at\/cs\/wp-json\/wp\/v2\/users\/1"}],"replies":[{"embeddable":true,"href":"https:\/\/camping-waldenstein.at\/cs\/wp-json\/wp\/v2\/comments?post=650"}],"version-history":[{"count":4,"href":"https:\/\/camping-waldenstein.at\/cs\/wp-json\/wp\/v2\/pages\/650\/revisions"}],"predecessor-version":[{"id":709,"href":"https:\/\/camping-waldenstein.at\/cs\/wp-json\/wp\/v2\/pages\/650\/revisions\/709"}],"wp:attachment":[{"href":"https:\/\/camping-waldenstein.at\/cs\/wp-json\/wp\/v2\/media?parent=650"}],"curies":[{"name":"wp","href":"https:\/\/api.w.org\/{rel}","templated":true}]}}