{"id":654,"date":"2024-03-06T19:08:02","date_gmt":"2024-03-06T19:08:02","guid":{"rendered":"https:\/\/cw.testerei.at\/nase-nabidky-a-ceny\/"},"modified":"2026-03-23T08:43:22","modified_gmt":"2026-03-23T08:43:22","slug":"nase-nabidky-a-ceny","status":"publish","type":"page","link":"https:\/\/camping-waldenstein.at\/cs\/nase-nabidky-a-ceny\/","title":{"rendered":"Na\u0161e nab\u00eddky a ceny"},"content":{"rendered":"\n<figure class=\"wp-block-table\"><table><tbody><tr><td><strong>V\u00fdkon<\/strong><\/td><td><strong>Cena za noc<\/strong><\/td><\/tr><tr><td>Pitch<\/td><td>10,00 EUR*<\/td><\/tr><tr><td>Dosp\u011bl\u00ed<\/td><td>EUR 7,00*<\/td><\/tr><tr><td>D\u00edt\u011b<\/td><td>EUR 4,00*<\/td><\/tr><tr><td>Poplatek za elekt\u0159inu a likvidaci odpadu<\/td><td>EUR 3,00<\/td><\/tr><\/tbody><\/table><\/figure>\n\n<p>* Wir sind \u00d6CC- und CCA-Partner und gew\u00e4hren allen \u00d6CC und CCA Mitgliedern einen Rabatt von -10% auf den Standardpreis. Pokud si rezervujete ubytov\u00e1n\u00ed online, za\u0161lete n\u00e1m pros\u00edm p\u0159edem e-mailem nebo prost\u0159ednictv\u00edm aplikace WhatsApp fotografii sv\u00e9 \u010dlensk\u00e9 karty \u00d6CC, pot\u00e9 obdr\u017e\u00edte slevov\u00fd k\u00f3d pro online rezervaci.<\/p>\n\n<p>D\u011btsk\u00e1 cena plat\u00ed pro d\u011bti ve v\u011bku 6-14,99 let. D\u011bti do 6 let maj\u00ed vstup zdarma. Standardn\u00ed cena plat\u00ed po celou sez\u00f3nu od dubna do \u0159\u00edjna.<\/p>\n\n<p>V\u0161echny ceny jsou uvedeny v eurech v\u010detn\u011b z\u00e1konn\u00e9 DPH . Pro v\u0161echny osoby od 15 let se p\u0159ipo\u010d\u00edt\u00e1v\u00e1 a14&gt; m\u00edstn\u00ed da\u0148 ve v\u00fd\u0161i 2,60 EUR za noc. <\/p>\n\n<p>V p\u0159\u00edpad\u011b z\u00e1jmu o del\u0161\u00ed pobyt n\u00e1s pros\u00edm kontaktujte telefonicky +43 664 4355532 nebo <a href=\"linkTo_UnCryptMailto('kygjrm8gldmYaykngle+uyjbclqrcgl,yr');\">e-mailem<\/a>.<\/p>\n\n<figure class=\"wp-block-image size-full is-resized\"><img fetchpriority=\"high\" decoding=\"async\" width=\"568\" height=\"293\" src=\"https:\/\/camping-waldenstein.at\/wp-content\/uploads\/2026\/03\/OeCC-und-CCA.png\" alt=\"Partne&#x159;i &#xD6;CC a CCA\" class=\"wp-image-1023\" style=\"width:148px;height:auto\" srcset=\"https:\/\/camping-waldenstein.at\/wp-content\/uploads\/2026\/03\/OeCC-und-CCA.png 568w, https:\/\/camping-waldenstein.at\/wp-content\/uploads\/2026\/03\/OeCC-und-CCA-300x155.png 300w\" sizes=\"(max-width: 568px) 100vw, 568px\" \/><\/figure>\n","protected":false},"excerpt":{"rendered":"<p>V\u00fdkon Cena za noc Pitch 10,00 EUR* Dosp\u011bl\u00ed EUR 7,00* D\u00edt\u011b EUR 4,00* Poplatek za elekt\u0159inu a likvidaci odpadu EUR 3,00 * Wir sind \u00d6CC- und CCA-Partner und gew\u00e4hren allen \u00d6CC und CCA Mitgliedern einen Rabatt von -10% auf den Standardpreis. Pokud si rezervujete ubytov\u00e1n\u00ed online, za\u0161lete n\u00e1m pros\u00edm p\u0159edem e-mailem nebo prost\u0159ednictv\u00edm aplikace WhatsApp [&hellip;]<\/p>\n","protected":false},"author":1,"featured_media":484,"parent":0,"menu_order":0,"comment_status":"closed","ping_status":"closed","template":"","meta":{"footnotes":""},"class_list":["post-654","page","type-page","status-publish","has-post-thumbnail","hentry"],"_links":{"self":[{"href":"https:\/\/camping-waldenstein.at\/cs\/wp-json\/wp\/v2\/pages\/654","targetHints":{"allow":["GET"]}}],"collection":[{"href":"https:\/\/camping-waldenstein.at\/cs\/wp-json\/wp\/v2\/pages"}],"about":[{"href":"https:\/\/camping-waldenstein.at\/cs\/wp-json\/wp\/v2\/types\/page"}],"author":[{"embeddable":true,"href":"https:\/\/camping-waldenstein.at\/cs\/wp-json\/wp\/v2\/users\/1"}],"replies":[{"embeddable":true,"href":"https:\/\/camping-waldenstein.at\/cs\/wp-json\/wp\/v2\/comments?post=654"}],"version-history":[{"count":6,"href":"https:\/\/camping-waldenstein.at\/cs\/wp-json\/wp\/v2\/pages\/654\/revisions"}],"predecessor-version":[{"id":1038,"href":"https:\/\/camping-waldenstein.at\/cs\/wp-json\/wp\/v2\/pages\/654\/revisions\/1038"}],"wp:featuredmedia":[{"embeddable":true,"href":"https:\/\/camping-waldenstein.at\/cs\/wp-json\/wp\/v2\/media\/484"}],"wp:attachment":[{"href":"https:\/\/camping-waldenstein.at\/cs\/wp-json\/wp\/v2\/media?parent=654"}],"curies":[{"name":"wp","href":"https:\/\/api.w.org\/{rel}","templated":true}]}}