{"id":703,"date":"2024-03-07T08:18:24","date_gmt":"2024-03-07T08:18:24","guid":{"rendered":"https:\/\/cw.testerei.at\/gtc\/"},"modified":"2024-05-01T05:08:37","modified_gmt":"2024-05-01T05:08:37","slug":"gtc","status":"publish","type":"page","link":"https:\/\/camping-waldenstein.at\/cs\/gtc\/","title":{"rendered":"GTC"},"content":{"rendered":"\n<p><strong>Provozovatel kempu Waldenstein<\/strong><\/p>\n\n<p>Doris Krenn<br\/>3961 Waldenstein 84\/2<br\/>Telefon: +43 664 4355532<br\/>Webov\u00e9 str\u00e1nky: <a href=\"http:\/\/www.camping-waldenstein.at\/\" target=\"_blank\" rel=\"noreferrer noopener\">www.camping-waldenstein.at<\/a><br\/>UID: ATU77687102<br\/> <\/p>\n\n<p><strong>Rozsah pou\u017eit\u00ed<\/strong><\/p>\n\n<p>V\u0161eobecn\u00e9 obchodn\u00ed podm\u00ednky (VOP) upravuj\u00ed vz\u00e1jemn\u00e1 pr\u00e1va a povinnosti mezi provozovatelem kempu Waldenstein a hostem kempu. Smluvn\u00ed slu\u017eby se \u0159\u00edd\u00ed v\u00fdhradn\u011b z\u00e1vazky platn\u00fdmi po dobu pobytu. Telefonn\u00ed smlouvy, dopl\u0148kov\u00e9 smlouvy a jin\u00e9 smlouvy jak\u00e9hokoli druhu mus\u00ed b\u00fdt uzav\u0159eny p\u00edsemn\u011b a potvrzeny oper\u00e1torem, aby byly platn\u00e9. Registrac\u00ed host kempu uzn\u00e1v\u00e1 tyto podm\u00ednky.<\/p>\n\n<p><strong>Registrace \/ rezervace<\/strong><\/p>\n\n<p>Registrac\u00ed nebo rezervac\u00ed host kempu \u010din\u00ed z\u00e1vazn\u00fd n\u00e1vrh na uzav\u0159en\u00ed smlouvy o poskytnut\u00ed kempovac\u00edho m\u00edsta. Tuto rezervaci m\u016f\u017eete prov\u00e9st online na na\u0161ich webov\u00fdch str\u00e1nk\u00e1ch <a href=\"\/Users\/Doris\/Dokumenty\/Kempov&#xE1;n&#xED;\/Kempov&#xE1;n&#xED;\/Webov&#xE9; str&#xE1;nky\/AGB\/www.camping-waldenstein.at\" target=\"_blank\" rel=\"noreferrer noopener\">www.camping-waldenstein.at<\/a>, e-mailem (<a href=\"javascript:linkTo_UnCryptMailto('kygjrm8gldmYaykngle+uyjbclqrcgl,yr');\">\n  <u>info@camping-waldenstein.at<\/u>\n<\/a>), telefonicky (+43 664 4355532) nebo \u00fastn\u011b. P\u0159ihl\u00e1\u0161en\u00ed prov\u00e1d\u00ed host kempu tak\u00e9 pro v\u0161echny spolucestuj\u00edc\u00ed uveden\u00e9 v p\u0159ihl\u00e1\u0161ce\/rezervaci, za jejich\u017e smluvn\u00ed z\u00e1vazky odpov\u00edd\u00e1 host kempu stejn\u011b jako za sv\u00e9 vlastn\u00ed z\u00e1vazky. Va\u0161i rezervaci budeme pova\u017eovat za z\u00e1vaznou, jakmile obdr\u017e\u00edme z\u00e1lohu nejpozd\u011bji 3 dny p\u0159ed p\u0159\u00edjezdem, a to platbou online nebo bankovn\u00edm p\u0159evodem na n\u00e1\u0161 \u00fa\u010det (IBAN: AT75 2027 2000 0096 2092, BIC: SPZWAT21XXX, banka: Waldviertler Sparkasse Bank AG). V opa\u010dn\u00e9m p\u0159\u00edpad\u011b bude va\u0161e rezervace zru\u0161ena.<\/p>\n\n<p><strong>P\u0159\u00edjezd a odjezd<\/strong><\/p>\n\n<p>P\u0159ijet m\u016f\u017eete od \u00fater\u00fd do soboty od 13:00 do 21:00. V ned\u011bli je p\u0159\u00edjezd mo\u017en\u00fd do 18:00. Po p\u0159\u00edjezdu se pros\u00edm zaregistrujte ve sportovn\u00ed restauraci Stefan Hinger, kter\u00e1 se nach\u00e1z\u00ed hned vedle kempu. Obdr\u017e\u00edte formul\u00e1\u0159 pro hosty, kter\u00fd mus\u00edte vyplnit a podepsat, nejd\u016fle\u017eit\u011bj\u0161\u00ed informace o pobytu a fakturu, pokud jste ji je\u0161t\u011b neobdr\u017eeli e-mailem. K registraci si s sebou vezm\u011bte tak\u00e9 pr\u016fkaz toto\u017enosti s fotografi\u00ed. P\u0159\u00edjezd v pond\u011bl\u00ed nebo v ned\u011bli po 21:00 \u010di 18:00 hodin\u011b je mo\u017en\u00fd pouze po p\u0159edchoz\u00ed telefonick\u00e9 dohod\u011b. Pot\u00e9 obdr\u017e\u00edte dal\u0161\u00ed informace. Odjezd se mus\u00ed uskute\u010dnit denn\u011b do 12:00. V opa\u010dn\u00e9m p\u0159\u00edpad\u011b bude \u00fa\u010dtov\u00e1n dodate\u010dn\u00fd poplatek za p\u0159enocov\u00e1n\u00ed.<\/p>\n\n<p><strong>Doba trv\u00e1n\u00ed rezervace a pobytu<\/strong><\/p>\n\n<p>D\u00e9lka obdob\u00ed, na kter\u00e9 si host v kempu rezervuje ubytov\u00e1n\u00ed, je v\u017edy z\u00e1vazn\u00e1, jakmile host v kempu zah\u00e1j\u00ed sv\u016fj pobyt. Zkr\u00e1tit dobu pobytu nebo odpov\u00eddaj\u00edc\u00ed platebn\u00ed povinnost je mo\u017en\u00e9 pouze po vz\u00e1jemn\u00e9 dohod\u011b. Host kempu nem\u00e1 v z\u00e1sad\u011b n\u00e1rok na vr\u00e1cen\u00ed p\u0159edem zaplacen\u00fdch poplatk\u016f za kempov\u00e1n\u00ed, pokud sv\u016fj pobyt p\u0159ed\u010dasn\u011b zru\u0161\u00ed. Prodlou\u017een\u00ed pobytu je rovn\u011b\u017e mo\u017en\u00e9 pouze po vz\u00e1jemn\u00e9 dohod\u011b.<\/p>\n\n<p><strong>Pitch<\/strong><\/p>\n\n<p>P\u0159i rezervaci v\u00e1m bude p\u0159id\u011bleno m\u00edsto ve v\u00e1mi zvolen\u00e9 kategorii. Pokud to bude mo\u017en\u00e9, zachov\u00e1me tuto kategorizaci. Z technick\u00fdch d\u016fvod\u016f rezervace si provozovatel vyhrazuje pr\u00e1vo p\u0159esunout m\u00edsto v r\u00e1mci stejn\u00e9 kategorie slu\u017eeb i po obdr\u017een\u00ed z\u00e1lohy nebo potvrzen\u00ed rezervace. Parcely v horn\u00ed \u00farovni maj\u00ed p\u0159\u00edpojky na elekt\u0159inu, vodu a \u0161edou vodu. Parcely v ni\u017e\u0161\u00edm pat\u0159e maj\u00ed p\u0159\u00edpojky na elekt\u0159inu a vodu.<\/p>\n\n<p><strong>Ceny<\/strong><\/p>\n\n<p>Aktu\u00e1ln\u00ed ceny najdete na na\u0161ich webov\u00fdch str\u00e1nk\u00e1ch <a href=\"http:\/\/www.camping-waldenstein.at\/\" target=\"_blank\" rel=\"noreferrer noopener\">www.camping-waldenstein.at<\/a>. Provozovatel kempu m\u00e1 v ka\u017ed\u00e9m p\u0159\u00edpad\u011b pr\u00e1vo zm\u011bnit tarify v platn\u00e9m cen\u00edku, ani\u017e by to m\u011blo vliv na platnost smlouvy o kempu, pokud mezi uzav\u0159en\u00edm smlouvy o kempu a zah\u00e1jen\u00edm pobytu uplynou v\u00edce ne\u017e 4 kalend\u00e1\u0159n\u00ed m\u011bs\u00edce. Host kempu je opr\u00e1vn\u011bn odstoupit od smlouvy v souladu s ustanoven\u00edmi t\u011bchto v\u0161eobecn\u00fdch podm\u00ednek. Ve\u0161ker\u00e9 cen\u00edky podl\u00e9haj\u00ed chyb\u00e1m a zm\u011bn\u00e1m.<\/p>\n\n<p><strong>Platba poplatk\u016f za kempov\u00e1n\u00ed<\/strong><\/p>\n\n<p>Celkov\u00fd poplatek za kempov\u00e1n\u00ed po dobu trv\u00e1n\u00ed rezervace je zpravidla splatn\u00fd p\u0159ed p\u0159\u00edjezdem nebo, pokud je to dohodnuto, je splatn\u00fd p\u0159i p\u0159\u00edjezdu. Va\u0161e z\u00e1loha bude samoz\u0159ejm\u011b zohledn\u011bna. Provozovatel kempu m\u016f\u017ee v jednotliv\u00fdch p\u0159\u00edpadech souhlasit s pozd\u011bj\u0161\u00ed platbou. Host v kempu v\u0161ak nem\u00e1 na tento odklad platby n\u00e1rok.<\/p>\n\n<p><strong>Storno podm\u00ednky<\/strong><\/p>\n\n<p>Rezervaci m\u016f\u017eete bezplatn\u011b zru\u0161it nejpozd\u011bji 10 dn\u00ed p\u0159ed p\u0159\u00edjezdem. Provozovatel kempu v\u00e1m vr\u00e1t\u00ed ji\u017e zaplacenou \u010d\u00e1stku na v\u00e1mi poskytnut\u00e9 bankovn\u00ed \u00fadaje. V p\u0159\u00edpad\u011b zru\u0161en\u00ed rezervace v obdob\u00ed od 9 dn\u016f do 3 dn\u016f p\u0159ed p\u0159\u00edjezdem je t\u0159eba uhradit 50 % celkov\u00e9 ceny; po uplynut\u00ed t\u00e9to lh\u016fty nebo v p\u0159\u00edpad\u011b nedojezdu je t\u0159eba uhradit 100 % celkov\u00e9 ceny do 3 pracovn\u00edch dn\u016f. Doporu\u010dujeme uzav\u0159\u00edt <a href=\"https:\/\/www.europaeische.at\/\" target=\"_blank\" rel=\"noreferrer noopener\">poji\u0161t\u011bn\u00ed storna cesty <\/a>.<\/p>\n\n<p><strong>Dodr\u017eov\u00e1n\u00ed p\u0159edpis\u016f kempu<\/strong><\/p>\n\n<p>Platn\u00fd kempinkov\u00fd \u0159\u00e1d je ned\u00edlnou sou\u010d\u00e1st\u00ed t\u011bchto v\u0161eobecn\u00fdch obchodn\u00edch podm\u00ednek. Je vyv\u011b\u0161ena v kempu nebo si ji m\u016f\u017eete st\u00e1hnout z na\u0161ich webov\u00fdch str\u00e1nek <a href=\"http:\/\/www.camping-waldenstein.at\/\" target=\"_blank\" rel=\"noreferrer noopener\">www.camping-waldenstein.at.<\/a>  Pokud host kempu poru\u0161\u00ed pravidla kempu, m\u016f\u017ee ho provozovatel kempu z kempu vyk\u00e1zat. Ani v tomto p\u0159\u00edpad\u011b nem\u00e1 host kempu n\u00e1rok na vr\u00e1cen\u00ed zaplacen\u00fdch \u010d\u00e1stek. V takov\u00e9m p\u0159\u00edpad\u011b si provozovatel kempu vyhrazuje pr\u00e1vo na n\u00e1hradu \u0161kody.<\/p>\n\n<p><strong>Vady<\/strong><\/p>\n\n<p>P\u0159\u00edpadn\u00e9 st\u00ed\u017enosti mus\u00ed host kempu neprodlen\u011b nahl\u00e1sit provozovateli kempu. N\u00e1rok na reklamaci z\u00e1vad je vylou\u010den, pokud nebyly nahl\u00e1\u0161eny p\u0159\u00edmo provozovateli kempu b\u011bhem pobytu hosta. Z\u00e1kazn\u00edkovi mus\u00ed b\u00fdt poskytnuta p\u0159im\u011b\u0159en\u00e1 lh\u016fta k odstran\u011bn\u00ed z\u00e1vady.<\/p>\n\n<p><strong>Odpov\u011bdnost<\/strong><\/p>\n\n<p>Provozovatel kempu neodpov\u00edd\u00e1 za \u0161kody zp\u016fsoben\u00e9 poruchou nebo p\u0159eru\u0161en\u00edm dod\u00e1vky vody nebo elekt\u0159iny nebo v d\u016fsledku hluku zp\u016fsoben\u00e9ho t\u0159et\u00edmi osobami. Provozovatel kempu d\u00e1le neodpov\u00edd\u00e1 za lehce nedbalostn\u00ed poru\u0161en\u00ed povinnost\u00ed za \u0161kody zp\u016fsoben\u00e9 pou\u017e\u00edv\u00e1n\u00edm za\u0159\u00edzen\u00ed nebo vybaven\u00ed nach\u00e1zej\u00edc\u00edho se v kempu nebo za\u0159\u00edzen\u00ed, vybaven\u00ed a bezpe\u010dnostn\u00edch opat\u0159en\u00ed, kter\u00e9 jsou nefunk\u010dn\u00ed nebo nefunk\u010dn\u00ed. To plat\u00ed i pro lehce nedbalostn\u00ed poru\u0161en\u00ed povinnost\u00ed ze strany z\u00e1konn\u00fdch z\u00e1stupc\u016f nebo z\u00e1stupc\u016f provozovatele kempu.<\/p>\n\n<p><strong>Rozhodn\u00e9 pr\u00e1vo<\/strong><\/p>\n\n<p>Plat\u00ed rakousk\u00e9 pr\u00e1vo. M\u00edstem p\u0159\u00edslu\u0161nosti je Gm\u00fcnd.<\/p>\n\n<p><strong>Rezervace<\/strong><\/p>\n\n<p>Chyby tisku, prezentace a p\u0159enosu jsou vyhrazeny.<\/p>\n\n<h5 class=\"wp-block-heading\">Pravidla pro kempov\u00e1n\u00ed<\/h5>\n\n<p>V\u00e1\u017een\u00ed host\u00e9 v kempu,<\/p>\n\n<p>T\u011b\u0161\u00edme se na v\u00e1s v kempu Waldenstein. Aby byl v\u00e1\u0161 pobyt pohodov\u00fd a \u00fasp\u011b\u0161n\u00fd, dodr\u017eujte pros\u00edm na\u0161e pravidla.<\/p>\n\n<p><strong>P\u0159\u00edjezd a odjezd<\/strong><\/p>\n\n<p>Vstup do kempu je povolen pouze po registraci ve sportovn\u00ed restauraci Stefan Hinger (hned vedle). P\u0159ijet m\u016f\u017eete od \u00fater\u00fd do soboty od 13:00 do 21:00. V ned\u011bli do 18:00. P\u0159\u00edjezd v pond\u011bl\u00ed nebo v ned\u011bli po 18:00 je mo\u017en\u00fd pouze po p\u0159edchoz\u00ed telefonick\u00e9 dohod\u011b na \u010d\u00edsle +43 664 4355532. K registraci pot\u0159ebujeme va\u0161e doklady toto\u017enosti (z\u00e1konn\u00e1 povinnost registrace). Mlad\u00ed lid\u00e9 do 16 let, kte\u0159\u00ed cestuj\u00ed sami, mus\u00ed p\u0159i registraci p\u0159edlo\u017eit p\u00edsemn\u00fd souhlas sv\u00fdch z\u00e1konn\u00fdch z\u00e1stupc\u016f. P\u0159i registraci vypln\u00edte list hosta a obdr\u017e\u00edte nejd\u016fle\u017eit\u011bj\u0161\u00ed informace o sv\u00e9m pobytu. Odjezd mus\u00ed b\u00fdt ka\u017ed\u00fd den nejpozd\u011bji ve 12.00 hodin. V opa\u010dn\u00e9m p\u0159\u00edpad\u011b bude \u00fa\u010dtov\u00e1n dodate\u010dn\u00fd poplatek za p\u0159enocov\u00e1n\u00ed.<\/p>\n\n<p>Zanechte pros\u00edm sv\u00e9 h\u0159i\u0161t\u011b v \u010dist\u00e9m stavu.<\/p>\n\n<p><strong>Z\u00e1kaz chovu dom\u00e1c\u00edch zv\u00ed\u0159at<\/strong><\/p>\n\n<p>V z\u00e1jmu zaji\u0161t\u011bn\u00ed bezpe\u010dnosti voln\u011b \u017eij\u00edc\u00edch zv\u00ed\u0159at a rekreace na\u0161ich host\u016f v kempu nen\u00ed povolen vstup ps\u016fm, ko\u010dk\u00e1m apod.<\/p>\n\n<p><strong>Pitch<\/strong><\/p>\n\n<p>P\u0159i rezervaci v\u00e1m bude p\u0159id\u011bleno m\u00edsto ve v\u00e1mi zvolen\u00e9 kategorii. Pokud to bude mo\u017en\u00e9, zachov\u00e1me tuto kategorizaci. Z technick\u00fdch d\u016fvod\u016f rezervace si provozovatel vyhrazuje pr\u00e1vo p\u0159esunout m\u00edsto v r\u00e1mci stejn\u00e9 kategorie slu\u017eeb i po obdr\u017een\u00ed z\u00e1lohy nebo potvrzen\u00ed rezervace. Parcely v horn\u00ed \u00farovni maj\u00ed p\u0159\u00edpojky na elekt\u0159inu, vodu a \u0161edou vodu. Parcely v ni\u017e\u0161\u00edm pat\u0159e maj\u00ed p\u0159\u00edpojky na elekt\u0159inu a vodu.<\/p>\n\n<p><strong>Vozidla<\/strong><\/p>\n\n<p>V cel\u00e9m kempu plat\u00ed omezen\u00ed rychlosti na 10 km\/h. Vozidla mus\u00ed b\u00fdt zaparkov\u00e1na tak, aby nep\u0159ek\u00e1\u017eela provozu ani soused\u016fm. Na jedno parkovac\u00ed m\u00edsto je povoleno jedno auto. Pokud si p\u0159ejete zaparkovat jin\u00e1 vozidla, kontaktujte n\u00e1s pros\u00edm.<\/p>\n\n<p><strong>Doba odpo\u010dinku<\/strong><\/p>\n\n<p>Klidov\u00e9 hodiny jsou od 12:00 do 13:00 a od 22:00 do 6:00.<br\/>Ty by m\u011bly p\u0159isp\u011bt k va\u0161emu zotaven\u00ed.<br\/>Bu\u010fte pros\u00edm ohledupln\u00ed k ostatn\u00edm \u00fa\u010dastn\u00edk\u016fm t\u00e1bora a vyvarujte se hluku. Zejm\u00e9na r\u00e1dia, televizory, hudebn\u00ed syst\u00e9my, hudebn\u00ed n\u00e1stroje atd. mus\u00ed b\u00fdt pou\u017e\u00edv\u00e1ny tak, aby neru\u0161ily sousedy.<\/p>\n\n<p><strong>Odpady<\/strong><\/p>\n\n<p>Odpad je t\u0159eba t\u0159\u00eddit a vyhazovat do popelnic nebo kontejner\u016f, kter\u00e9 jsou k dispozici na na\u0161em skl\u00e1dkovi\u0161ti.<\/p>\n\n<p><strong>D\u011bti<\/strong><\/p>\n\n<p>Rodi\u010de mus\u00ed na sv\u00e9 d\u011bti neust\u00e1le zodpov\u011bdn\u011b dohl\u00ed\u017eet.<br\/>Rodi\u010de jsou za sv\u00e9 d\u011bti zodpov\u011bdn\u00ed!<\/p>\n\n<p><strong>Grilov\u00e1n\u00ed \/ t\u00e1bor\u00e1k<\/strong><\/p>\n\n<p>Grilov\u00e1n\u00ed je povoleno pouze s vhodn\u00fdm vybaven\u00edm. \u017dhav\u00e9 uhl\u00edky a ohe\u0148 mus\u00ed b\u00fdt pod neust\u00e1l\u00fdm dohledem. M\u00edsto pro grilov\u00e1n\u00ed mus\u00ed b\u00fdt ihned po skon\u010den\u00ed grilov\u00e1n\u00ed \u010dist\u00e9. T\u00e1bor\u00e1k je mo\u017en\u00e9 rozd\u011bl\u00e1vat pouze v prostoru pro grilov\u00e1n\u00ed (v betonov\u00e9m kruhu). V p\u0159\u00edpad\u011b zv\u00fd\u0161en\u00e9ho rizika lesn\u00edch po\u017e\u00e1r\u016f m\u016f\u017ee provozovatel vydat z\u00e1kaz pou\u017e\u00edv\u00e1n\u00ed otev\u0159en\u00e9ho ohn\u011b.<\/p>\n\n<p><strong>Vyu\u017eit\u00ed maturitn\u00edho plesu a koupali\u0161t\u011b<\/strong><\/p>\n\n<p>Pou\u017e\u00edv\u00e1n\u00ed maturitn\u00edho plesu a koupac\u00edho jez\u00edrka je na vlastn\u00ed nebezpe\u010d\u00ed.<\/p>\n\n<p><strong>Bezpe\u010dnost\/zdroje nebezpe\u010d\u00ed<\/strong><\/p>\n\n<p>V kempu nen\u00ed dovoleno kopat p\u0159\u00edkopy, pokl\u00e1dat kameny jako ohrani\u010den\u00ed nebo ohrazovat sv\u00e9 m\u00edsto. Dbejte na to, aby nikdo nebyl ohro\u017een stanov\u00fdmi kol\u00edky, \u0161\u0148\u016frami nebo jin\u00fdm kempinkov\u00fdm p\u0159\u00edslu\u0161enstv\u00edm. Ozna\u010dte \u0161patn\u011b rozpoznateln\u00e9 zdroje nebezpe\u010d\u00ed jasn\u011b viditeln\u00fdmi zna\u010dkami. Ch\u016fze a j\u00edzda po stezk\u00e1ch je na vlastn\u00ed nebezpe\u010d\u00ed.<\/p>\n\n<p><strong>\u010cistota<\/strong><\/p>\n\n<p>Pros\u00edme v\u00e1s, abyste zanechali soci\u00e1ln\u00ed za\u0159\u00edzen\u00ed \u010dist\u00e9, p\u0159\u00ed\u0161t\u00ed host\u00e9 kempu v\u00e1m za to pod\u011bkuj\u00ed. D\u011btem mlad\u0161\u00edm 6 let je vstup do za\u0159\u00edzen\u00ed povolen pouze v doprovodu dosp\u011bl\u00e9 osoby.<\/p>\n\n<p><strong>Z\u00e1kaz kou\u0159en\u00ed<\/strong><\/p>\n\n<p>V uzav\u0159en\u00fdch prostor\u00e1ch je kou\u0159en\u00ed zak\u00e1z\u00e1no. Cigaretov\u00e9 nedopalky se mus\u00ed vyhazovat do zbytkov\u00e9ho odpadu!<\/p>\n\n<p><strong>Zelen\u00e9 plochy<\/strong><\/p>\n\n<p>Pe\u010dujte pros\u00edm o zelen\u00e9 plochy a udr\u017eujte je v \u010distot\u011b. Jsou ur\u010deny pro va\u0161i relaxaci a pot\u011b\u0161en\u00ed.<br\/>\u010cas od \u010dasu je nutn\u00e9 tr\u00e1vn\u00edk posekat nebo prov\u00e9st jinou \u00fadr\u017ebu travnat\u00fdch ploch. D\u011bkujeme za pochopen\u00ed.<\/p>\n\n<p><strong>Po\u0161kozen\u00ed<\/strong><\/p>\n\n<p>Za \u0161kody na za\u0159\u00edzen\u00ed a vybaven\u00ed kempu odpov\u00edd\u00e1 osoba, kter\u00e1 je zp\u016fsobila. Nep\u0159eb\u00edr\u00e1me \u017e\u00e1dnou odpov\u011bdnost za kr\u00e1de\u017ee nebo po\u0161kozen\u00ed majetku host\u016f t\u0159et\u00edmi osobami ani za zran\u011bn\u00ed nebo nehody. Doporu\u010dujeme proto soukrom\u00e9 zaji\u0161t\u011bn\u00ed formou poji\u0161t\u011bn\u00ed.<\/p>\n\n<p><strong>P\u0159ejeme v\u00e1m p\u0159\u00edjemn\u00fd a pohodov\u00fd pobyt!<\/strong><\/p>\n","protected":false},"excerpt":{"rendered":"<p>Provozovatel kempu Waldenstein Doris Krenn3961 Waldenstein 84\/2Telefon: +43 664 4355532Webov\u00e9 str\u00e1nky: www.camping-waldenstein.atUID: ATU77687102 Rozsah pou\u017eit\u00ed V\u0161eobecn\u00e9 obchodn\u00ed podm\u00ednky (VOP) upravuj\u00ed vz\u00e1jemn\u00e1 pr\u00e1va a povinnosti mezi provozovatelem kempu Waldenstein a hostem kempu. Smluvn\u00ed slu\u017eby se \u0159\u00edd\u00ed v\u00fdhradn\u011b z\u00e1vazky platn\u00fdmi po dobu pobytu. Telefonn\u00ed smlouvy, dopl\u0148kov\u00e9 smlouvy a jin\u00e9 smlouvy jak\u00e9hokoli druhu mus\u00ed b\u00fdt uzav\u0159eny p\u00edsemn\u011b a [&hellip;]<\/p>\n","protected":false},"author":1,"featured_media":0,"parent":0,"menu_order":0,"comment_status":"closed","ping_status":"closed","template":"","meta":{"footnotes":""},"class_list":["post-703","page","type-page","status-publish","hentry"],"_links":{"self":[{"href":"https:\/\/camping-waldenstein.at\/cs\/wp-json\/wp\/v2\/pages\/703","targetHints":{"allow":["GET"]}}],"collection":[{"href":"https:\/\/camping-waldenstein.at\/cs\/wp-json\/wp\/v2\/pages"}],"about":[{"href":"https:\/\/camping-waldenstein.at\/cs\/wp-json\/wp\/v2\/types\/page"}],"author":[{"embeddable":true,"href":"https:\/\/camping-waldenstein.at\/cs\/wp-json\/wp\/v2\/users\/1"}],"replies":[{"embeddable":true,"href":"https:\/\/camping-waldenstein.at\/cs\/wp-json\/wp\/v2\/comments?post=703"}],"version-history":[{"count":1,"href":"https:\/\/camping-waldenstein.at\/cs\/wp-json\/wp\/v2\/pages\/703\/revisions"}],"predecessor-version":[{"id":704,"href":"https:\/\/camping-waldenstein.at\/cs\/wp-json\/wp\/v2\/pages\/703\/revisions\/704"}],"wp:attachment":[{"href":"https:\/\/camping-waldenstein.at\/cs\/wp-json\/wp\/v2\/media?parent=703"}],"curies":[{"name":"wp","href":"https:\/\/api.w.org\/{rel}","templated":true}]}}