{"id":713,"date":"2024-03-06T10:10:05","date_gmt":"2024-03-06T10:10:05","guid":{"rendered":"https:\/\/cw.testerei.at\/zasady-ochrany-osobnich-udaju\/"},"modified":"2024-05-01T05:12:34","modified_gmt":"2024-05-01T05:12:34","slug":"zasady-ochrany-osobnich-udaju","status":"publish","type":"page","link":"https:\/\/camping-waldenstein.at\/cs\/zasady-ochrany-osobnich-udaju\/","title":{"rendered":"Z\u00e1sady ochrany osobn\u00edch \u00fadaj\u016f"},"content":{"rendered":"\n<p>Ochrana va\u0161ich osobn\u00edch \u00fadaj\u016f je pro n\u00e1s obzvl\u00e1\u0161t\u011b d\u016fle\u017eit\u00e1. Va\u0161e \u00fadaje proto zpracov\u00e1v\u00e1me v\u00fdhradn\u011b na z\u00e1klad\u011b z\u00e1konn\u00fdch ustanoven\u00ed (obecn\u00e9 na\u0159\u00edzen\u00ed o ochran\u011b osobn\u00edch \u00fadaj\u016f GDPR). V t\u011bchto informac\u00edch o ochran\u011b osobn\u00edch \u00fadaj\u016f v\u00e1s informujeme o nejd\u016fle\u017eit\u011bj\u0161\u00edch aspektech zpracov\u00e1n\u00ed \u00fadaj\u016f v souvislosti s na\u0161imi webov\u00fdmi str\u00e1nkami.<br\/> <\/p>\n\n<h4 class=\"wp-block-heading\">Kdo jsme<\/h4>\n\n<p>Adresa na\u0161ich webov\u00fdch str\u00e1nek je: https: <a href=\"https:\/\/www.camping-waldenstein.at\">\/\/www.camping-waldenstein.at<\/a><\/p>\n\n<h4 class=\"wp-block-heading\">Vlo\u017een\u00fd obsah z jin\u00fdch webov\u00fdch str\u00e1nek<\/h4>\n\n<p>Tyto webov\u00e9 str\u00e1nky mohou shroma\u017e\u010fovat \u00fadaje o v\u00e1s, pou\u017e\u00edvat soubory cookie, vkl\u00e1dat dal\u0161\u00ed sledovac\u00ed slu\u017eby t\u0159et\u00edch stran a zaznamen\u00e1vat va\u0161i interakci s t\u00edmto vlo\u017een\u00fdm obsahem, v\u010detn\u011b va\u0161\u00ed interakce s vlo\u017een\u00fdm obsahem, pokud m\u00e1te \u00fa\u010det a jste p\u0159ihl\u00e1\u0161eni na t\u011bchto webov\u00fdch str\u00e1nk\u00e1ch.<\/p>\n\n<h4 class=\"wp-block-heading\"><strong>Ukl\u00e1d\u00e1n\u00ed dat<\/strong><\/h4>\n\n<p>R\u00e1di bychom upozornili, \u017ee pro \u00fa\u010dely rychlej\u0161\u00ed rezervace m\u00edsta Camping Waldenstein ukl\u00e1d\u00e1 v r\u00e1mci soubor\u016f cookie IP \u00fadaje majitele p\u0159ipojen\u00ed, jako\u017e i jm\u00e9no, adresu a e-mailovou adresu z\u00e1kazn\u00edka.<\/p>\n\n<p>Pro \u00fa\u010dely zpracov\u00e1n\u00ed smlouvy nav\u00edc ukl\u00e1d\u00e1me tak\u00e9 n\u00e1sleduj\u00edc\u00ed \u00fadaje:<\/p>\n\n<ul class=\"wp-block-list\">\n<li>Jm\u00e9no a p\u0159\u00edjmen\u00ed<\/li>\n\n\n\n<li>Adresa (ulice, \u010d\u00edslo domu, PS\u010c, m\u011bsto)<\/li>\n\n\n\n<li>Telefonn\u00ed \u010d\u00edslo<\/li>\n\n\n\n<li>e-mailov\u00e1 adresa<\/li>\n<\/ul>\n\n<p>\u00dadaje, kter\u00e9 jste poskytli, jsou nutn\u00e9 k pln\u011bn\u00ed smlouvy nebo k proveden\u00ed opat\u0159en\u00ed p\u0159ed uzav\u0159en\u00edm smlouvy. Bez t\u011bchto \u00fadaj\u016f s v\u00e1mi nem\u016f\u017eeme uzav\u0159\u00edt smlouvu. \u00dadaje nebudou p\u0159ed\u00e1v\u00e1ny t\u0159et\u00edm stran\u00e1m. Po zru\u0161en\u00ed procesu rezervace budou n\u00e1mi ulo\u017een\u00e9 \u00fadaje vymaz\u00e1ny. V p\u0159\u00edpad\u011b uzav\u0159en\u00ed smlouvy budou v\u0161echny \u00fadaje ze smluvn\u00edho vztahu uchov\u00e1v\u00e1ny a\u017e do uplynut\u00ed doby uchov\u00e1v\u00e1n\u00ed podle da\u0148ov\u00fdch p\u0159edpis\u016f (7 let).<\/p>\n\n<p>\u00dadaje, kter\u00e9 uvedete v ru\u010dn\u011b vypln\u011bn\u00e9m formul\u00e1\u0159i pro p\u0159ihl\u00e1\u0161en\u00ed host\u016f, budeme uchov\u00e1vat v pap\u00edrov\u00e9 podob\u011b a ka\u017ed\u00fd m\u011bs\u00edc jednu kopii p\u0159ed\u00e1me obci Waldenstein k \u00fahrad\u011b m\u00edstn\u00edho poplatku.<br\/> <\/p>\n\n<h4 class=\"wp-block-heading\">Poskytov\u00e1n\u00ed zpoplatn\u011bn\u00fdch slu\u017eeb<\/h4>\n\n<p>V p\u0159\u00edpad\u011b poskytov\u00e1n\u00ed zpoplatn\u011bn\u00fdch slu\u017eeb si vy\u017e\u00e1d\u00e1me dal\u0161\u00ed \u00fadaje, nap\u0159\u00edklad platebn\u00ed \u00fadaje, abychom mohli p\u0159ijmout va\u0161i rezervaci. Tyto \u00fadaje uchov\u00e1v\u00e1me v na\u0161ich syst\u00e9mech a\u017e do uplynut\u00ed z\u00e1konn\u00fdch lh\u016ft pro jejich uchov\u00e1v\u00e1n\u00ed.<\/p>\n\n<h4 class=\"wp-block-heading\">online rezerva\u010dn\u00ed n\u00e1stroj igumbi<\/h4>\n\n<p>Prost\u0159ednictv\u00edm na\u0161ich webov\u00fdch str\u00e1nek je mo\u017en\u00e9 rezervovat si m\u00edsto v kempu Waldenstein prost\u0159ednictv\u00edm na\u0161eho poskytovatele slu\u017eeb igumbi e.U., Erdbergstra\u00dfe 10\/47, 1030 V\u00edde\u0148, Rakousko (&#8220;igumbi&#8221;).<\/p>\n\n<p>V\u00e1mi poskytnut\u00e9 osobn\u00ed \u00fadaje (jm\u00e9no, titul, adresa, telefonn\u00ed \u010d\u00edslo, e-mailov\u00e1 adresa, platebn\u00ed \u00fadaje) jsou nezbytn\u00e9 pro pln\u011bn\u00ed smlouvy nebo pro proveden\u00ed p\u0159edsmluvn\u00edch opat\u0159en\u00ed. Bez t\u011bchto \u00fadaj\u016f s v\u00e1mi nem\u016f\u017eeme dokon\u010dit rezervaci. \u00dadaje nebudou p\u0159ed\u00e1v\u00e1ny t\u0159et\u00edm stran\u00e1m, s v\u00fdjimkou p\u0159ed\u00e1n\u00ed \u00fadaj\u016f o kreditn\u00edch kart\u00e1ch zpracovatelsk\u00fdm bankovn\u00edm \u00fastav\u016fm \/ poskytovatel\u016fm platebn\u00edch slu\u017eeb za \u00fa\u010delem str\u017een\u00ed ceny rezervace, n\u00e1mi pov\u011b\u0159en\u00e9mu poskytovateli rezerva\u010dn\u00edch n\u00e1stroj\u016f igumbi e.U. (a tak\u00e9 na\u0161emu da\u0148ov\u00e9mu poradci za \u00fa\u010delem pln\u011bn\u00ed na\u0161ich da\u0148ov\u00fdch povinnost\u00ed).<\/p>\n\n<p>V p\u0159\u00edpad\u011b \u00fasp\u011b\u0161n\u00e9 rezervace (uzav\u0159en\u00ed smlouvy) budou v\u0161echny \u00fadaje ze smluvn\u00edho vztahu uchov\u00e1v\u00e1ny a\u017e do uplynut\u00ed lh\u016fty pro da\u0148ov\u00e9 uchov\u00e1n\u00ed (7 let).<\/p>\n\n<p>Zpracov\u00e1n\u00ed \u00fadaj\u016f se prov\u00e1d\u00ed na z\u00e1klad\u011b z\u00e1konn\u00fdch ustanoven\u00ed \u00a7 96 odst. 3 TKG a \u010dl. 6 odst. 1 p\u00edsm. a) (souhlas) a\/nebo b) (nezbytn\u00e9 pro pln\u011bn\u00ed smlouvy) GDPR. Dal\u0161\u00ed informace a ustanoven\u00ed o ochran\u011b osobn\u00edch \u00fadaj\u016f naleznete v z\u00e1sad\u00e1ch ochrany osobn\u00edch \u00fadaj\u016f spole\u010dnosti igumbi <a href=\"https:\/\/www.igumbi.com\/de\/datenschutz\" target=\"_blank\" rel=\"noreferrer noopener\">.<\/a><\/p>\n\n<h4 class=\"wp-block-heading\">\u0160ifrov\u00e1n\u00ed SSL<\/h4>\n\n<p>Pro ochranu bezpe\u010dnosti va\u0161ich \u00fadaj\u016f p\u0159i p\u0159enosu pou\u017e\u00edv\u00e1me nejmodern\u011bj\u0161\u00ed metody \u0161ifrov\u00e1n\u00ed (SSL, TLS) prost\u0159ednictv\u00edm protokolu HTTPS.<\/p>\n\n<h4 class=\"wp-block-heading\"><strong>Soubory cookie<\/strong><\/h4>\n\n<p>Na\u0161e webov\u00e9 str\u00e1nky pou\u017e\u00edvaj\u00ed tzv. cookies. Jedn\u00e1 se o mal\u00e9 textov\u00e9 soubory, kter\u00e9 se ukl\u00e1daj\u00ed do koncov\u00e9ho za\u0159\u00edzen\u00ed pomoc\u00ed prohl\u00ed\u017ee\u010de. Nezp\u016fsobuj\u00ed \u017e\u00e1dn\u00e9 \u0161kody. Soubory cookie pou\u017e\u00edv\u00e1me k tomu, aby na\u0161e webov\u00e9 str\u00e1nky byly u\u017eivatelsky p\u0159\u00edv\u011btiv\u011bj\u0161\u00ed. N\u011bkter\u00e9 soubory cookie z\u016fst\u00e1vaj\u00ed ulo\u017eeny ve va\u0161em koncov\u00e9m za\u0159\u00edzen\u00ed, dokud je neodstran\u00edte. Umo\u017e\u0148uj\u00ed n\u00e1m rozpoznat v\u00e1\u0161 prohl\u00ed\u017ee\u010d p\u0159i p\u0159\u00ed\u0161t\u00ed n\u00e1v\u0161t\u011bv\u011b na\u0161ich webov\u00fdch str\u00e1nek.<\/p>\n\n<p>Pokud si to nep\u0159ejete, m\u016f\u017eete nastavit sv\u016fj prohl\u00ed\u017ee\u010d tak, aby v\u00e1s informoval o nastavov\u00e1n\u00ed soubor\u016f cookie a abyste to povolili pouze v jednotliv\u00fdch p\u0159\u00edpadech.<\/p>\n\n<p>Pokud jsou soubory cookie deaktivov\u00e1ny, m\u016f\u017ee doj\u00edt k omezen\u00ed funk\u010dnosti na\u0161ich webov\u00fdch str\u00e1nek.<br\/> <\/p>\n\n<h4 class=\"wp-block-heading\"><strong>Webov\u00e1 anal\u00fdza<\/strong><\/h4>\n\n<p>Tyto webov\u00e9 str\u00e1nky pou\u017e\u00edvaj\u00ed slu\u017ebu Google Analytics, kter\u00e1 je poskytov\u00e1na spole\u010dnost\u00ed Google Inc. za \u00fa\u010delem zlep\u0161en\u00ed a optimalizace webov\u00fdch str\u00e1nek. (d\u00e1le jen &#8220;Google&#8221;). Slu\u017eba Google Analytics pou\u017e\u00edv\u00e1 &#8220;cookies&#8221;, co\u017e jsou textov\u00e9 soubory um\u00edst\u011bn\u00e9 v po\u010d\u00edta\u010di u\u017eivatele, kter\u00e9 pom\u00e1haj\u00ed webov\u00e9 str\u00e1nce analyzovat, jak u\u017eivatel\u00e9 str\u00e1nky pou\u017e\u00edvaj\u00ed. Informace vygenerovan\u00e9 souborem cookie o pou\u017e\u00edv\u00e1n\u00ed t\u011bchto webov\u00fdch str\u00e1nek se obvykle p\u0159en\u00e1\u0161ej\u00ed na server spole\u010dnosti Google v USA a tam se ukl\u00e1daj\u00ed.<\/p>\n\n<p>Spole\u010dnost Google je certifikov\u00e1na v r\u00e1mci dohody Privacy Shield a nab\u00edz\u00ed tak z\u00e1ruku dodr\u017eov\u00e1n\u00ed evropsk\u00fdch pr\u00e1vn\u00edch p\u0159edpis\u016f o ochran\u011b osobn\u00edch \u00fadaj\u016f. <a href=\"https:\/\/www.privacyshield.gov\/participant?id=a2zt000000001L5AAI&amp;status=Active\" target=\"_blank\" rel=\"noreferrer noopener\">\n  <u>https:\/\/www.privacyshield.gov\/participant?id=a2zt000000001L5AAI&amp;status=Active<\/u>\n<\/a><\/p>\n\n<p>Camping Waldenstein vytvo\u0159il pro webov\u00e9 str\u00e1nky  <a href=\"http:\/\/camping-waldenstein.at\/\" target=\"_blank\" rel=\"noreferrer noopener\"><u>camping-waldenstein.at<\/u><\/a>  &#8220;_anonymizeIp()&#8221; je aktivov\u00e1na; s t\u00edmto roz\u0161\u00ed\u0159en\u00edm jsou IP adresy d\u00e1le zpracov\u00e1v\u00e1ny ve zkr\u00e1cen\u00e9 podob\u011b, aby se vylou\u010dila mo\u017enost p\u0159\u00edm\u00fdch osobn\u00edch odkaz\u016f: Anonymizace IP na t\u011bchto webov\u00fdch str\u00e1nk\u00e1ch znamen\u00e1, \u017ee IP adresa u\u017eivatele Google v \u010dlensk\u00fdch st\u00e1tech Evropsk\u00e9 unie nebo v jin\u00fdch st\u00e1tech, kter\u00e9 jsou stranami Dohody o Evropsk\u00e9m hospod\u00e1\u0159sk\u00e9m prostoru, je p\u0159edem zkr\u00e1cena. Pouze ve v\u00fdjime\u010dn\u00fdch p\u0159\u00edpadech bude cel\u00e1 IP adresa p\u0159enesena na server spole\u010dnosti Google v USA a tam zkr\u00e1cena. Spole\u010dnost Google bude zpracov\u00e1vat \u00fadaje shrom\u00e1\u017ed\u011bn\u00e9 v pr\u016fb\u011bhu pou\u017e\u00edv\u00e1n\u00ed slu\u017eby Google Analytics na.  <a href=\"http:\/\/camping-waldenstein.at\/\" target=\"_blank\" rel=\"noreferrer noopener\">camping-waldenstein.at<\/a>  -Camping Waldenstein m\u016f\u017ee shrom\u00e1\u017ed\u011bn\u00e9 informace pou\u017e\u00edt pro \u00fa\u010dely vyhodnocov\u00e1n\u00ed va\u0161eho pou\u017e\u00edv\u00e1n\u00ed webov\u00fdch str\u00e1nek, sestavov\u00e1n\u00ed zpr\u00e1v o aktivit\u011b na webov\u00fdch str\u00e1nk\u00e1ch pro provozovatele webov\u00fdch str\u00e1nek a poskytov\u00e1n\u00ed dal\u0161\u00edch slu\u017eeb souvisej\u00edc\u00edch s aktivitou na webov\u00fdch str\u00e1nk\u00e1ch a pou\u017e\u00edv\u00e1n\u00edm internetu pro Camping Waldenstein. IP adresa p\u0159en\u00e1\u0161en\u00e1 prohl\u00ed\u017ee\u010dem u\u017eivatele v r\u00e1mci slu\u017eby Google Analytics se nespojuje s jin\u00fdmi \u00fadaji spole\u010dnosti Google. Pou\u017e\u00edv\u00e1n\u00edm webov\u00fdch str\u00e1nek camping-waldenstein.at u\u017eivatel\u00e9 souhlas\u00ed se zpracov\u00e1n\u00edm sv\u00fdch \u00fadaj\u016f v\u00fd\u0161e uveden\u00fdm zp\u016fsobem a pro v\u00fd\u0161e uveden\u00e9 \u00fa\u010dely. U\u017eivatel\u00e9 mohou ukl\u00e1d\u00e1n\u00ed soubor\u016f cookie zabr\u00e1nit p\u0159\u00edslu\u0161n\u00fdm nastaven\u00edm sv\u00e9ho prohl\u00ed\u017ee\u010de, av\u0161ak upozor\u0148ujeme, \u017ee v takov\u00e9m p\u0159\u00edpad\u011b nemus\u00ed b\u00fdt u\u017eivatel schopen vyu\u017e\u00edvat v\u0161echny funkce t\u011bchto webov\u00fdch str\u00e1nek v pln\u00e9m rozsahu. U\u017eivatel\u00e9 mohou tak\u00e9 zabr\u00e1nit shroma\u017e\u010fov\u00e1n\u00ed \u00fadaj\u016f generovan\u00fdch souborem cookie a souvisej\u00edc\u00edch s pou\u017e\u00edv\u00e1n\u00edm webov\u00fdch str\u00e1nek (v\u010detn\u011b sv\u00e9 IP adresy), jejich p\u0159ed\u00e1v\u00e1n\u00ed spole\u010dnosti Google jako poskytovateli slu\u017eeb a zpracov\u00e1n\u00ed t\u011bchto \u00fadaj\u016f spole\u010dnost\u00ed Google t\u00edm, \u017ee si st\u00e1hnou a nainstaluj\u00ed z\u00e1suvn\u00fd modul prohl\u00ed\u017ee\u010de, kter\u00fd je k dispozici na n\u00e1sleduj\u00edc\u00edm odkazu:  <a href=\"http:\/\/tools.google.com\/dlpage\/gaoptout?hl=de\" target=\"_blank\" rel=\"noreferrer noopener\"><u>http:\/\/tools.google.com\/dlpage\/gaoptout?hl=de<\/u><\/a><br\/> <\/p>\n\n<h4 class=\"wp-block-heading\"><strong>Online p\u0159\u00edtomnost v soci\u00e1ln\u00edch m\u00e9di\u00edch<\/strong><\/h4>\n\n<p>Udr\u017eujeme online p\u0159\u00edtomnost na soci\u00e1ln\u00edch s\u00edt\u00edch a platform\u00e1ch, abychom mohli komunikovat se z\u00e1kazn\u00edky, z\u00e1jemci a u\u017eivateli, kte\u0159\u00ed jsou zde aktivn\u00ed, a informovat je o na\u0161ich slu\u017eb\u00e1ch. P\u0159i p\u0159\u00edstupu k p\u0159\u00edslu\u0161n\u00fdm s\u00edt\u00edm a platform\u00e1m plat\u00ed podm\u00ednky a pokyny pro zpracov\u00e1n\u00ed \u00fadaj\u016f jejich provozovatel\u016f.<\/p>\n\n<p>Pokud nen\u00ed v na\u0161ich z\u00e1sad\u00e1ch ochrany osobn\u00edch \u00fadaj\u016f uvedeno jinak, zpracov\u00e1v\u00e1me \u00fadaje u\u017eivatel\u016f, pokud s n\u00e1mi komunikuj\u00ed v r\u00e1mci soci\u00e1ln\u00edch s\u00edt\u00ed a platforem, nap\u0159. p\u00ed\u0161\u00ed p\u0159\u00edsp\u011bvky na na\u0161ich online prezentac\u00edch nebo n\u00e1m pos\u00edlaj\u00ed zpr\u00e1vy.<br\/> <\/p>\n\n<h4 class=\"wp-block-heading\"><strong>Va\u0161e pr\u00e1va<\/strong><\/h4>\n\n<p>V z\u00e1sad\u011b m\u00e1te pr\u00e1vo na informace, opravu, v\u00fdmaz, omezen\u00ed, p\u0159enositelnost \u00fadaj\u016f, zru\u0161en\u00ed a n\u00e1mitku. Pokud se domn\u00edv\u00e1te, \u017ee zpracov\u00e1n\u00ed va\u0161ich \u00fadaj\u016f poru\u0161uje z\u00e1kon o ochran\u011b osobn\u00edch \u00fadaj\u016f nebo \u017ee byla jinak poru\u0161ena va\u0161e pr\u00e1va na ochranu osobn\u00edch \u00fadaj\u016f, m\u016f\u017eete podat st\u00ed\u017enost u dozorov\u00e9ho \u00fa\u0159adu. V Rakousku je to \u00fa\u0159ad pro ochranu osobn\u00edch \u00fadaj\u016f.<br\/> <\/p>\n\n<h4 class=\"wp-block-heading\"><strong>M\u016f\u017eete n\u00e1s kontaktovat na t\u011bchto kontaktn\u00edch \u00fadaj\u00edch<\/strong><\/h4>\n\n<p>Doris Krenn<br\/>Waldenstein 84\/2<br\/>3961 Waldenstein<br\/>Rakousko<\/p>\n\n<p>Tel. +43 664 4355532<br\/>E-mail: <a href=\"http:\/\/www.camping-waldenstein.at\/\" target=\"_blank\" rel=\"noreferrer noopener\"><u>info@camping-waldenstein.at<\/u><br\/>www.camping-waldenstein.at<\/a><\/p>\n\n<p>Stav: duben 2024<\/p>\n","protected":false},"excerpt":{"rendered":"<p>Ochrana va\u0161ich osobn\u00edch \u00fadaj\u016f je pro n\u00e1s obzvl\u00e1\u0161t\u011b d\u016fle\u017eit\u00e1. Va\u0161e \u00fadaje proto zpracov\u00e1v\u00e1me v\u00fdhradn\u011b na z\u00e1klad\u011b z\u00e1konn\u00fdch ustanoven\u00ed (obecn\u00e9 na\u0159\u00edzen\u00ed o ochran\u011b osobn\u00edch \u00fadaj\u016f GDPR). V t\u011bchto informac\u00edch o ochran\u011b osobn\u00edch \u00fadaj\u016f v\u00e1s informujeme o nejd\u016fle\u017eit\u011bj\u0161\u00edch aspektech zpracov\u00e1n\u00ed \u00fadaj\u016f v souvislosti s na\u0161imi webov\u00fdmi str\u00e1nkami. Kdo jsme Adresa na\u0161ich webov\u00fdch str\u00e1nek je: https: \/\/www.camping-waldenstein.at Vlo\u017een\u00fd [&hellip;]<\/p>\n","protected":false},"author":1,"featured_media":0,"parent":0,"menu_order":0,"comment_status":"closed","ping_status":"open","template":"","meta":{"footnotes":""},"class_list":["post-713","page","type-page","status-publish","hentry"],"_links":{"self":[{"href":"https:\/\/camping-waldenstein.at\/cs\/wp-json\/wp\/v2\/pages\/713","targetHints":{"allow":["GET"]}}],"collection":[{"href":"https:\/\/camping-waldenstein.at\/cs\/wp-json\/wp\/v2\/pages"}],"about":[{"href":"https:\/\/camping-waldenstein.at\/cs\/wp-json\/wp\/v2\/types\/page"}],"author":[{"embeddable":true,"href":"https:\/\/camping-waldenstein.at\/cs\/wp-json\/wp\/v2\/users\/1"}],"replies":[{"embeddable":true,"href":"https:\/\/camping-waldenstein.at\/cs\/wp-json\/wp\/v2\/comments?post=713"}],"version-history":[{"count":1,"href":"https:\/\/camping-waldenstein.at\/cs\/wp-json\/wp\/v2\/pages\/713\/revisions"}],"predecessor-version":[{"id":714,"href":"https:\/\/camping-waldenstein.at\/cs\/wp-json\/wp\/v2\/pages\/713\/revisions\/714"}],"wp:attachment":[{"href":"https:\/\/camping-waldenstein.at\/cs\/wp-json\/wp\/v2\/media?parent=713"}],"curies":[{"name":"wp","href":"https:\/\/api.w.org\/{rel}","templated":true}]}}