{"id":936,"date":"2025-06-28T12:18:06","date_gmt":"2025-06-28T12:18:06","guid":{"rendered":"https:\/\/camping-waldenstein.at\/prohlaseni-o-pristupnosti\/"},"modified":"2025-06-28T12:28:32","modified_gmt":"2025-06-28T12:28:32","slug":"prohlaseni-o-pristupnosti","status":"publish","type":"page","link":"https:\/\/camping-waldenstein.at\/cs\/prohlaseni-o-pristupnosti\/","title":{"rendered":"Prohl\u00e1\u0161en\u00ed o p\u0159\u00edstupnosti"},"content":{"rendered":"\n<h6 class=\"wp-block-heading\"><strong>Prohl\u00e1\u0161en\u00ed o p\u0159\u00edstupnosti pro <\/strong><a href=\"https:\/\/camping-waldenstein.at\/cs\/\">https:\/\/camping-waldenstein.at\/<\/a><\/h6>\n\n<p><strong>Camping Waldenstein<\/strong> se zavazuje zajistit digit\u00e1ln\u00ed p\u0159\u00edstupnost pro osoby se zdravotn\u00edm posti\u017een\u00edm. Neust\u00e1le pracujeme na zlep\u0161ov\u00e1n\u00ed u\u017eivatelsk\u00e9 p\u0159\u00edv\u011btivosti pro v\u0161echny a na uplat\u0148ov\u00e1n\u00ed p\u0159\u00edslu\u0161n\u00fdch standard\u016f p\u0159\u00edstupnosti. <\/p>\n\n<p><strong>Stav souladu<\/strong><br\/>Sm\u011brnice pro p\u0159\u00edstupnost webov\u00e9ho obsahu (WCAG) stanovuj\u00ed po\u017eadavky pro design\u00e9ry a v\u00fdvoj\u00e1\u0159e, aby zlep\u0161ili p\u0159\u00edstupnost pro osoby se zdravotn\u00edm posti\u017een\u00edm. Definuj\u00ed t\u0159i \u00farovn\u011b souladu: \u00farove\u0148 A, \u00farove\u0148 AA a \u00farove\u0148 AAA. <\/p>\n\n<p>Camping Waldenstein vyv\u00edj\u00ed pr\u016fb\u011b\u017en\u00e9 \u00fasil\u00ed o zlep\u0161ov\u00e1n\u00ed p\u0159\u00edstupnosti sv\u00e9ho webu a sv\u00fdch slu\u017eeb, v p\u0159esv\u011bd\u010den\u00ed, \u017ee je na\u0161\u00ed spole\u010dnou mor\u00e1ln\u00ed povinnost\u00ed umo\u017enit osob\u00e1m se zdravotn\u00edm posti\u017een\u00edm bezprobl\u00e9mov\u00e9, p\u0159\u00edstupn\u00e9 a neomezen\u00e9 vyu\u017e\u00edv\u00e1n\u00ed.<\/p>\n\n<p>Usilujeme o to, aby v\u0161echny str\u00e1nky a obsah na<a href=\"https:\/\/camping-waldenstein.at\/cs\/\"> https:\/\/camping-waldenstein.at\/ <\/a>byly p\u0159\u00edstupn\u00e9, av\u0161ak n\u011bkter\u00e9 \u010d\u00e1sti mohou zat\u00edm pln\u011b neodpov\u00eddat nejvy\u0161\u0161\u00edm standard\u016fm p\u0159\u00edstupnosti. To m\u016f\u017ee b\u00fdt zp\u016fsobeno v\u00fdzvami p\u0159i hled\u00e1n\u00ed nejvhodn\u011bj\u0161\u00edho technick\u00e9ho \u0159e\u0161en\u00ed. <\/p>\n\n<p>Vyhrazujeme si pr\u00e1vo toto prohl\u00e1\u0161en\u00ed pravideln\u011b revidovat, aby odr\u00e1\u017eelo vylep\u0161en\u00ed \u010di zm\u011bny v na\u0161\u00ed praxi p\u0159\u00edstupnosti.<\/p>\n\n<hr class=\"wp-block-separator has-alpha-channel-opacity\"\/>\n\n<p><strong>Zp\u011btn\u00e1 vazba<\/strong><br\/>T\u011b\u0161\u00ed n\u00e1s va\u0161e n\u00e1zory a post\u0159ehy k p\u0159\u00edstupnosti webu Kuen \u2013 Zedinger Tier\u00e4rzte OG (Veterin\u00e1rn\u00ed ordinace Elterleinplatz). Pros\u00edm, dejte n\u00e1m v\u011bd\u011bt, pokud zjist\u00edte jak\u00e9koli p\u0159ek\u00e1\u017eky p\u0159i pou\u017e\u00edv\u00e1n\u00ed na\u0161\u00ed webov\u00e9 str\u00e1nky: <\/p>\n\n<p>E-Mail: <a href=\"mailto:info@camping-waldenstein.at\">info@camping-waldenstein.at<\/a><\/p>\n\n<p>Usilujeme o to, abychom na va\u0161i zp\u011btnou vazbu odpov\u011bd\u011bli do 3\u20135 pracovn\u00edch dn\u016f.<\/p>\n\n<p>Toto prohl\u00e1\u0161en\u00ed bylo seps\u00e1no dne 28. 06. 2025.<\/p>\n\n<p><\/p>\n","protected":false},"excerpt":{"rendered":"<p>Prohl\u00e1\u0161en\u00ed o p\u0159\u00edstupnosti pro https:\/\/camping-waldenstein.at\/ Camping Waldenstein se zavazuje zajistit digit\u00e1ln\u00ed p\u0159\u00edstupnost pro osoby se zdravotn\u00edm posti\u017een\u00edm. Neust\u00e1le pracujeme na zlep\u0161ov\u00e1n\u00ed u\u017eivatelsk\u00e9 p\u0159\u00edv\u011btivosti pro v\u0161echny a na uplat\u0148ov\u00e1n\u00ed p\u0159\u00edslu\u0161n\u00fdch standard\u016f p\u0159\u00edstupnosti. Stav souladuSm\u011brnice pro p\u0159\u00edstupnost webov\u00e9ho obsahu (WCAG) stanovuj\u00ed po\u017eadavky pro design\u00e9ry a v\u00fdvoj\u00e1\u0159e, aby zlep\u0161ili p\u0159\u00edstupnost pro osoby se zdravotn\u00edm posti\u017een\u00edm. Definuj\u00ed t\u0159i \u00farovn\u011b [&hellip;]<\/p>\n","protected":false},"author":1,"featured_media":0,"parent":0,"menu_order":0,"comment_status":"closed","ping_status":"closed","template":"","meta":{"footnotes":""},"class_list":["post-936","page","type-page","status-publish","hentry"],"_links":{"self":[{"href":"https:\/\/camping-waldenstein.at\/cs\/wp-json\/wp\/v2\/pages\/936","targetHints":{"allow":["GET"]}}],"collection":[{"href":"https:\/\/camping-waldenstein.at\/cs\/wp-json\/wp\/v2\/pages"}],"about":[{"href":"https:\/\/camping-waldenstein.at\/cs\/wp-json\/wp\/v2\/types\/page"}],"author":[{"embeddable":true,"href":"https:\/\/camping-waldenstein.at\/cs\/wp-json\/wp\/v2\/users\/1"}],"replies":[{"embeddable":true,"href":"https:\/\/camping-waldenstein.at\/cs\/wp-json\/wp\/v2\/comments?post=936"}],"version-history":[{"count":1,"href":"https:\/\/camping-waldenstein.at\/cs\/wp-json\/wp\/v2\/pages\/936\/revisions"}],"predecessor-version":[{"id":937,"href":"https:\/\/camping-waldenstein.at\/cs\/wp-json\/wp\/v2\/pages\/936\/revisions\/937"}],"wp:attachment":[{"href":"https:\/\/camping-waldenstein.at\/cs\/wp-json\/wp\/v2\/media?parent=936"}],"curies":[{"name":"wp","href":"https:\/\/api.w.org\/{rel}","templated":true}]}}