{"id":656,"date":"2024-03-06T19:08:02","date_gmt":"2024-03-06T19:08:02","guid":{"rendered":"https:\/\/cw.testerei.at\/our-offers-and-prices\/"},"modified":"2026-03-23T13:31:40","modified_gmt":"2026-03-23T13:31:40","slug":"our-offers-and-prices","status":"publish","type":"page","link":"https:\/\/camping-waldenstein.at\/en\/our-offers-and-prices\/","title":{"rendered":"Our offers and prices"},"content":{"rendered":"\n<figure class=\"wp-block-table\"><table><tbody><tr><td><strong>Performance<\/strong><\/td><td><strong>Price per night<\/strong><\/td><\/tr><tr><td>Pitch<\/td><td>EUR 10,00*<\/td><\/tr><tr><td>Adult<\/td><td>EUR 7,00*<\/td><\/tr><tr><td>Child<\/td><td>EUR 4,00*<\/td><\/tr><tr><td>Electricity and disposal fee<\/td><td>EUR 3,00<\/td><\/tr><\/tbody><\/table><\/figure>\n\n<p>* We are partner of \u00d6CC and CCA and grant a discount of -10% on the standard price for \u00d6CC and CCA members If you book online, please send us a photo of your \u00d6CC membership card in advance by e-mail or Whatsapp, then you will receive a discount code for online booking.<\/p>\n\n<p>The children&#8217;s price applies to children aged 6-14.99 years. Children under 6 years are free of charge. The standard price applies throughout the season from April to October.<\/p>\n\n<p>All prices are given in Euro including the applicable VAT. For all persons aged 15 and over there is a5&gt; additional local tax of EUR 2.60 per night will be added to the price for each person. <\/p>\n\n<p>If you are interested in a longer stay, please contact us by phone +43 664 4355532 or by <a href=\"linkTo_UnCryptMailto('kygjrm8gldmYaykngle+uyjbclqrcgl,yr');\">e-mail<\/a>.<\/p>\n\n<figure class=\"wp-block-image size-full is-resized\"><img fetchpriority=\"high\" decoding=\"async\" width=\"568\" height=\"293\" src=\"https:\/\/camping-waldenstein.at\/wp-content\/uploads\/2026\/03\/OeCC-und-CCA.png\" alt=\"partner of &#xD6;CC and CCA\" class=\"wp-image-1023\" style=\"width:148px;height:auto\" srcset=\"https:\/\/camping-waldenstein.at\/wp-content\/uploads\/2026\/03\/OeCC-und-CCA.png 568w, https:\/\/camping-waldenstein.at\/wp-content\/uploads\/2026\/03\/OeCC-und-CCA-300x155.png 300w\" sizes=\"(max-width: 568px) 100vw, 568px\" \/><\/figure>\n","protected":false},"excerpt":{"rendered":"<p>Performance Price per night Pitch EUR 10,00* Adult EUR 7,00* Child EUR 4,00* Electricity and disposal fee EUR 3,00 * We are partner of \u00d6CC and CCA and grant a discount of -10% on the standard price for \u00d6CC and CCA members If you book online, please send us a photo of your \u00d6CC membership [&hellip;]<\/p>\n","protected":false},"author":1,"featured_media":485,"parent":0,"menu_order":0,"comment_status":"closed","ping_status":"closed","template":"","meta":{"footnotes":""},"class_list":["post-656","page","type-page","status-publish","has-post-thumbnail","hentry"],"_links":{"self":[{"href":"https:\/\/camping-waldenstein.at\/en\/wp-json\/wp\/v2\/pages\/656","targetHints":{"allow":["GET"]}}],"collection":[{"href":"https:\/\/camping-waldenstein.at\/en\/wp-json\/wp\/v2\/pages"}],"about":[{"href":"https:\/\/camping-waldenstein.at\/en\/wp-json\/wp\/v2\/types\/page"}],"author":[{"embeddable":true,"href":"https:\/\/camping-waldenstein.at\/en\/wp-json\/wp\/v2\/users\/1"}],"replies":[{"embeddable":true,"href":"https:\/\/camping-waldenstein.at\/en\/wp-json\/wp\/v2\/comments?post=656"}],"version-history":[{"count":3,"href":"https:\/\/camping-waldenstein.at\/en\/wp-json\/wp\/v2\/pages\/656\/revisions"}],"predecessor-version":[{"id":1039,"href":"https:\/\/camping-waldenstein.at\/en\/wp-json\/wp\/v2\/pages\/656\/revisions\/1039"}],"wp:featuredmedia":[{"embeddable":true,"href":"https:\/\/camping-waldenstein.at\/en\/wp-json\/wp\/v2\/media\/485"}],"wp:attachment":[{"href":"https:\/\/camping-waldenstein.at\/en\/wp-json\/wp\/v2\/media?parent=656"}],"curies":[{"name":"wp","href":"https:\/\/api.w.org\/{rel}","templated":true}]}}